{"id":695,"date":"2023-08-26T12:19:55","date_gmt":"2023-08-26T12:19:55","guid":{"rendered":"http:\/\/cubitt.com.ec\/product\/cubitt-jr\/"},"modified":"2026-03-06T17:39:16","modified_gmt":"2026-03-06T17:39:16","slug":"cubitt-jr","status":"publish","type":"product","link":"https:\/\/cubitt.com.ec\/staging\/product\/cubitt-jr\/","title":{"rendered":"Cubitt Jr."},"content":{"rendered":"<ul>\n<li>Dise\u00f1ado para ni\u00f1os\/adolescentes de 5 a 15 a\u00f1os<\/li>\n<li>8 juegos interesantes para ejercitar el cerebro y divertirse con amigos\/padres<\/li>\n<li>10 alarmas para recordar los horarios diarios de los ni\u00f1os\/adolescentes como: despertarse, desayunar, ir a la escuela, hacer la tarea, hacer deporte, pasar tiempo en familia, irse a la cama por la noche.<\/li>\n<li>8 diales diferentes en el reloj que dicen la hora, y m\u00e1s de 100 diales provienen de la aplicaci\u00f3n<\/li>\n<li>IP68 a prueba de agua (1,5 metros durante 30 minutos)<\/li>\n<li>7+ d\u00edas de bater\u00eda (tiempo de trabajo normal 5-7 d\u00edas, tiempo de espera 14 d\u00edas)<\/li>\n<li>Bloqueo para ni\u00f1os: los padres pueden configurar el bloqueo del reloj con contrase\u00f1a<\/li>\n<li>Monitoreo de frecuencia card\u00edaca<\/li>\n<li>Seguimiento de 6 modos deportivos (caminar \/ correr \/ escalar \/ montar \/ baloncesto \/ deportes libres)<\/li>\n<li>Seguimiento de pasos, calor\u00edas y distancia<\/li>\n<li>Monitoreo del sue\u00f1o<\/li>\n<li>Seguimiento de la temperatura corporal<\/li>\n<li>Pron\u00f3stico del tiempo<\/li>\n<li>Temporizador \/ cuenta regresiva<\/li>\n<li>Brillo (5 opciones para ajustar)<\/li>\n<li>Vibraci\u00f3n (se puede ajustar de 0 a 3)<\/li>\n<li>C\u00e1mara remota<\/li>\n<li>Alerta Sedentaria<\/li>\n<\/ul>\n<p><strong>Compatible con iOS y Android<\/strong><\/p>\n<ul>\n<li>Notificaciones de llamadas<\/li>\n<li>Notificaciones de texto y Whatsapp<\/li>\n<li>Despertador + temporizador<\/li>\n<li>Notificaciones sociales<\/li>\n<li>Rechazo de llamadas<\/li>\n<\/ul>\n","protected":false},"excerpt":{"rendered":"<p>Dise\u00f1ado para ni\u00f1os\/adolescentes de 5 a 15 a\u00f1os 8 juegos interesantes para ejercitar el cerebro y divertirse con amigos\/padres 10 alarmas para recordar los horarios diarios de los ni\u00f1os\/adolescentes como: despertarse, desayunar, ir a la escuela, hacer la tarea, hacer deporte, pasar tiempo en familia, irse a la cama por la noche. 8 diales diferentes en el reloj que dicen la hora, y m\u00e1s de 100 diales provienen de la aplicaci\u00f3n IP68 a prueba de agua (1,5 metros durante 30 minutos) 7+ d\u00edas de bater\u00eda (tiempo de trabajo normal 5-7 d\u00edas, tiempo de espera 14 d\u00edas) Bloqueo para ni\u00f1os: los padres pueden configurar el bloqueo del reloj con contrase\u00f1a Monitoreo de frecuencia card\u00edaca Seguimiento de 6 modos deportivos (caminar \/ correr \/ escalar \/ montar \/ baloncesto \/ deportes libres) Seguimiento de pasos, calor\u00edas y distancia Monitoreo del sue\u00f1o Seguimiento de la temperatura corporal Pron\u00f3stico del tiempo Temporizador \/ cuenta regresiva Brillo (5 opciones para ajustar) Vibraci\u00f3n (se puede ajustar de 0 a 3) C\u00e1mara remota Alerta Sedentaria Compatible con iOS y Android Notificaciones de llamadas Notificaciones de texto y Whatsapp Despertador + temporizador Notificaciones sociales Rechazo de llamadas<\/p>\n","protected":false},"featured_media":1104,"comment_status":"open","ping_status":"closed","template":"","meta":{"site-sidebar-layout":"default","site-content-layout":"","ast-site-content-layout":"default","site-content-style":"default","site-sidebar-style":"default","ast-global-header-display":"","ast-banner-title-visibility":"","ast-main-header-display":"","ast-hfb-above-header-display":"","ast-hfb-below-header-display":"","ast-hfb-mobile-header-display":"","site-post-title":"","ast-breadcrumbs-content":"","ast-featured-img":"","footer-sml-layout":"","ast-disable-related-posts":"","theme-transparent-header-meta":"default","adv-header-id-meta":"","stick-header-meta":"","header-above-stick-meta":"","header-main-stick-meta":"","header-below-stick-meta":"","astra-migrate-meta-layouts":"set","ast-page-background-enabled":"default","ast-page-background-meta":{"desktop":{"background-color":"var(--ast-global-color-4)","background-image":"","background-repeat":"repeat","background-position":"center center","background-size":"auto","background-attachment":"scroll","background-type":"","background-media":"","overlay-type":"","overlay-color":"","overlay-opacity":"","overlay-gradient":""},"tablet":{"background-color":"","background-image":"","background-repeat":"repeat","background-position":"center center","background-size":"auto","background-attachment":"scroll","background-type":"","background-media":"","overlay-type":"","overlay-color":"","overlay-opacity":"","overlay-gradient":""},"mobile":{"background-color":"","background-image":"","background-repeat":"repeat","background-position":"center center","background-size":"auto","background-attachment":"scroll","background-type":"","background-media":"","overlay-type":"","overlay-color":"","overlay-opacity":"","overlay-gradient":""}},"ast-content-background-meta":{"desktop":{"background-color":"var(--ast-global-color-5)","background-image":"","background-repeat":"repeat","background-position":"center center","background-size":"auto","background-attachment":"scroll","background-type":"","background-media":"","overlay-type":"","overlay-color":"","overlay-opacity":"","overlay-gradient":""},"tablet":{"background-color":"var(--ast-global-color-5)","background-image":"","background-repeat":"repeat","background-position":"center center","background-size":"auto","background-attachment":"scroll","background-type":"","background-media":"","overlay-type":"","overlay-color":"","overlay-opacity":"","overlay-gradient":""},"mobile":{"background-color":"var(--ast-global-color-5)","background-image":"","background-repeat":"repeat","background-position":"center center","background-size":"auto","background-attachment":"scroll","background-type":"","background-media":"","overlay-type":"","overlay-color":"","overlay-opacity":"","overlay-gradient":""}}},"product_brand":[],"product_cat":[167,125,96,194,102,129,139,107],"product_tag":[76,40,41,70,42,57,43],"class_list":{"0":"post-695","1":"product","2":"type-product","3":"status-publish","4":"has-post-thumbnail","6":"product_cat-coleccin-jr","7":"product_cat-cubitt-jr","8":"product_cat-jr-teen","9":"product_cat-jr-teens","10":"product_cat-regalos-en-menos-de-120","11":"product_cat-s-o","12":"product_cat-todos-los-productos","13":"product_cat-todos-los-relojes","14":"product_tag-jr","15":"product_tag-morado","16":"product_tag-negro","17":"product_tag-reloj","18":"product_tag-rosado","19":"product_tag-turquesa","20":"product_tag-verde","21":"desktop-align-center","22":"tablet-align-left","23":"mobile-align-left","25":"first","26":"instock","27":"taxable","28":"shipping-taxable","29":"purchasable","30":"product-type-variable","31":"rtwpvg-product"},"acf":[],"aioseo_notices":[],"_links":{"self":[{"href":"https:\/\/cubitt.com.ec\/staging\/wp-json\/wp\/v2\/product\/695","targetHints":{"allow":["GET"]}}],"collection":[{"href":"https:\/\/cubitt.com.ec\/staging\/wp-json\/wp\/v2\/product"}],"about":[{"href":"https:\/\/cubitt.com.ec\/staging\/wp-json\/wp\/v2\/types\/product"}],"replies":[{"embeddable":true,"href":"https:\/\/cubitt.com.ec\/staging\/wp-json\/wp\/v2\/comments?post=695"}],"wp:featuredmedia":[{"embeddable":true,"href":"https:\/\/cubitt.com.ec\/staging\/wp-json\/wp\/v2\/media\/1104"}],"wp:attachment":[{"href":"https:\/\/cubitt.com.ec\/staging\/wp-json\/wp\/v2\/media?parent=695"}],"wp:term":[{"taxonomy":"product_brand","embeddable":true,"href":"https:\/\/cubitt.com.ec\/staging\/wp-json\/wp\/v2\/product_brand?post=695"},{"taxonomy":"product_cat","embeddable":true,"href":"https:\/\/cubitt.com.ec\/staging\/wp-json\/wp\/v2\/product_cat?post=695"},{"taxonomy":"product_tag","embeddable":true,"href":"https:\/\/cubitt.com.ec\/staging\/wp-json\/wp\/v2\/product_tag?post=695"}],"curies":[{"name":"wp","href":"https:\/\/api.w.org\/{rel}","templated":true}]}}