{"id":692,"date":"2025-07-13T12:19:53","date_gmt":"2025-07-13T12:19:53","guid":{"rendered":"http:\/\/cubitt.com.ec\/product\/cubitt-headphones\/"},"modified":"2025-12-23T16:49:55","modified_gmt":"2025-12-23T16:49:55","slug":"cubitt-power-headphones","status":"publish","type":"product","link":"https:\/\/cubitt.com.ec\/staging\/product\/cubitt-power-headphones\/","title":{"rendered":"Power Headphones"},"content":{"rendered":"<ul>\n<li>Cancelaci\u00f3n Activa de Ruido H\u00edbrida (ANC)<\/li>\n<li>Audio Envolvente de Alta Fidelidad<\/li>\n<li>Reproducci\u00f3n Extrema(40 horas con ANC activado y hasta 60 horas con ANC desactivado)<\/li>\n<li>Micr\u00f3fono con Tecnolog\u00eda de 4 Micr\u00f3fonos<\/li>\n<li>Detecci\u00f3n Autom\u00e1tica (Auto Pause)<\/li>\n<li>Modo de Baja Latencia y Detecci\u00f3n Autom\u00e1tica<\/li>\n<li>Dise\u00f1o Ergon\u00f3mico y Ajustable<\/li>\n<\/ul>\n","protected":false},"excerpt":{"rendered":"<p>Cancelaci\u00f3n Activa de Ruido H\u00edbrida (ANC) Audio Envolvente de Alta Fidelidad Reproducci\u00f3n Extrema(40 horas con ANC activado y hasta 60 horas con ANC desactivado) Micr\u00f3fono con Tecnolog\u00eda de 4 Micr\u00f3fonos Detecci\u00f3n Autom\u00e1tica (Auto Pause) Modo de Baja Latencia y Detecci\u00f3n Autom\u00e1tica Dise\u00f1o Ergon\u00f3mico y Ajustable<\/p>\n","protected":false},"featured_media":3278,"comment_status":"open","ping_status":"closed","template":"","meta":{"site-sidebar-layout":"default","site-content-layout":"","ast-site-content-layout":"default","site-content-style":"default","site-sidebar-style":"default","ast-global-header-display":"","ast-banner-title-visibility":"","ast-main-header-display":"","ast-hfb-above-header-display":"","ast-hfb-below-header-display":"","ast-hfb-mobile-header-display":"","site-post-title":"","ast-breadcrumbs-content":"","ast-featured-img":"","footer-sml-layout":"","ast-disable-related-posts":"","theme-transparent-header-meta":"default","adv-header-id-meta":"","stick-header-meta":"","header-above-stick-meta":"","header-main-stick-meta":"","header-below-stick-meta":"","astra-migrate-meta-layouts":"set","ast-page-background-enabled":"default","ast-page-background-meta":{"desktop":{"background-color":"var(--ast-global-color-4)","background-image":"","background-repeat":"repeat","background-position":"center center","background-size":"auto","background-attachment":"scroll","background-type":"","background-media":"","overlay-type":"","overlay-color":"","overlay-opacity":"","overlay-gradient":""},"tablet":{"background-color":"","background-image":"","background-repeat":"repeat","background-position":"center center","background-size":"auto","background-attachment":"scroll","background-type":"","background-media":"","overlay-type":"","overlay-color":"","overlay-opacity":"","overlay-gradient":""},"mobile":{"background-color":"","background-image":"","background-repeat":"repeat","background-position":"center center","background-size":"auto","background-attachment":"scroll","background-type":"","background-media":"","overlay-type":"","overlay-color":"","overlay-opacity":"","overlay-gradient":""}},"ast-content-background-meta":{"desktop":{"background-color":"var(--ast-global-color-5)","background-image":"","background-repeat":"repeat","background-position":"center center","background-size":"auto","background-attachment":"scroll","background-type":"","background-media":"","overlay-type":"","overlay-color":"","overlay-opacity":"","overlay-gradient":""},"tablet":{"background-color":"var(--ast-global-color-5)","background-image":"","background-repeat":"repeat","background-position":"center center","background-size":"auto","background-attachment":"scroll","background-type":"","background-media":"","overlay-type":"","overlay-color":"","overlay-opacity":"","overlay-gradient":""},"mobile":{"background-color":"var(--ast-global-color-5)","background-image":"","background-repeat":"repeat","background-position":"center center","background-size":"auto","background-attachment":"scroll","background-type":"","background-media":"","overlay-type":"","overlay-color":"","overlay-opacity":"","overlay-gradient":""}}},"product_brand":[],"product_cat":[109,248,129,139],"product_tag":[56,60,30,36,75,41],"class_list":{"0":"post-692","1":"product","2":"type-product","3":"status-publish","4":"has-post-thumbnail","6":"product_cat-audio","7":"product_cat-headphones","8":"product_cat-s-o","9":"product_cat-todos-los-productos","10":"product_tag-almendra","11":"product_tag-audio","12":"product_tag-azul","13":"product_tag-blanco","14":"product_tag-headphones","15":"product_tag-negro","16":"desktop-align-center","17":"tablet-align-left","18":"mobile-align-left","20":"first","21":"instock","22":"taxable","23":"shipping-taxable","24":"purchasable","25":"product-type-variable","26":"rtwpvg-product"},"acf":[],"aioseo_notices":[],"_links":{"self":[{"href":"https:\/\/cubitt.com.ec\/staging\/wp-json\/wp\/v2\/product\/692","targetHints":{"allow":["GET"]}}],"collection":[{"href":"https:\/\/cubitt.com.ec\/staging\/wp-json\/wp\/v2\/product"}],"about":[{"href":"https:\/\/cubitt.com.ec\/staging\/wp-json\/wp\/v2\/types\/product"}],"replies":[{"embeddable":true,"href":"https:\/\/cubitt.com.ec\/staging\/wp-json\/wp\/v2\/comments?post=692"}],"wp:featuredmedia":[{"embeddable":true,"href":"https:\/\/cubitt.com.ec\/staging\/wp-json\/wp\/v2\/media\/3278"}],"wp:attachment":[{"href":"https:\/\/cubitt.com.ec\/staging\/wp-json\/wp\/v2\/media?parent=692"}],"wp:term":[{"taxonomy":"product_brand","embeddable":true,"href":"https:\/\/cubitt.com.ec\/staging\/wp-json\/wp\/v2\/product_brand?post=692"},{"taxonomy":"product_cat","embeddable":true,"href":"https:\/\/cubitt.com.ec\/staging\/wp-json\/wp\/v2\/product_cat?post=692"},{"taxonomy":"product_tag","embeddable":true,"href":"https:\/\/cubitt.com.ec\/staging\/wp-json\/wp\/v2\/product_tag?post=692"}],"curies":[{"name":"wp","href":"https:\/\/api.w.org\/{rel}","templated":true}]}}