{"id":628,"date":"2025-07-21T12:19:35","date_gmt":"2025-07-21T12:19:35","guid":{"rendered":"http:\/\/cubitt.com.ec\/product\/ct-hydro-bottle\/"},"modified":"2026-03-06T17:35:31","modified_gmt":"2026-03-06T17:35:31","slug":"hydro-bottle","status":"publish","type":"product","link":"https:\/\/cubitt.com.ec\/staging\/product\/hydro-bottle\/","title":{"rendered":"Termo Hydro Bottle"},"content":{"rendered":"<ul>\n<li>710ml \/ 24 oz<\/li>\n<li>Incluye dos tapas: tapa de caf\u00e9 de boca ancha y tapa deportiva giratoria de boca ancha.<\/li>\n<li>La tecnolog\u00eda Tempshield elimina la condensaci\u00f3n y mantiene las bebidas fr\u00edas y calientes hasta 24 horas.<\/li>\n<li>Tapas con sellado a prueba de goteo.<\/li>\n<li>Acero inoxidable 304 para garantizar un sabor puro y sin transferencia de sabor.<\/li>\n<li>Libre de BPA<\/li>\n<li>Nuestro aislamiento al vac\u00edo de doble pared protege la temperatura durante horas.<\/li>\n<li>Pintura en aerosol ambiental.<\/li>\n<\/ul>\n","protected":false},"excerpt":{"rendered":"<p>710ml \/ 24 oz Incluye dos tapas: tapa de caf\u00e9 de boca ancha y tapa deportiva giratoria de boca ancha. La tecnolog\u00eda Tempshield elimina la condensaci\u00f3n y mantiene las bebidas fr\u00edas y calientes hasta 24 horas. Tapas con sellado a prueba de goteo. Acero inoxidable 304 para garantizar un sabor puro y sin transferencia de sabor. Libre de BPA Nuestro aislamiento al vac\u00edo de doble pared protege la temperatura durante horas. Pintura en aerosol ambiental.<\/p>\n","protected":false},"featured_media":957,"comment_status":"open","ping_status":"closed","template":"","meta":{"site-sidebar-layout":"default","site-content-layout":"","ast-site-content-layout":"default","site-content-style":"default","site-sidebar-style":"default","ast-global-header-display":"","ast-banner-title-visibility":"","ast-main-header-display":"","ast-hfb-above-header-display":"","ast-hfb-below-header-display":"","ast-hfb-mobile-header-display":"","site-post-title":"","ast-breadcrumbs-content":"","ast-featured-img":"","footer-sml-layout":"","ast-disable-related-posts":"","theme-transparent-header-meta":"default","adv-header-id-meta":"","stick-header-meta":"","header-above-stick-meta":"","header-main-stick-meta":"","header-below-stick-meta":"","astra-migrate-meta-layouts":"set","ast-page-background-enabled":"default","ast-page-background-meta":{"desktop":{"background-color":"var(--ast-global-color-4)","background-image":"","background-repeat":"repeat","background-position":"center center","background-size":"auto","background-attachment":"scroll","background-type":"","background-media":"","overlay-type":"","overlay-color":"","overlay-opacity":"","overlay-gradient":""},"tablet":{"background-color":"","background-image":"","background-repeat":"repeat","background-position":"center center","background-size":"auto","background-attachment":"scroll","background-type":"","background-media":"","overlay-type":"","overlay-color":"","overlay-opacity":"","overlay-gradient":""},"mobile":{"background-color":"","background-image":"","background-repeat":"repeat","background-position":"center center","background-size":"auto","background-attachment":"scroll","background-type":"","background-media":"","overlay-type":"","overlay-color":"","overlay-opacity":"","overlay-gradient":""}},"ast-content-background-meta":{"desktop":{"background-color":"var(--ast-global-color-5)","background-image":"","background-repeat":"repeat","background-position":"center center","background-size":"auto","background-attachment":"scroll","background-type":"","background-media":"","overlay-type":"","overlay-color":"","overlay-opacity":"","overlay-gradient":""},"tablet":{"background-color":"var(--ast-global-color-5)","background-image":"","background-repeat":"repeat","background-position":"center center","background-size":"auto","background-attachment":"scroll","background-type":"","background-media":"","overlay-type":"","overlay-color":"","overlay-opacity":"","overlay-gradient":""},"mobile":{"background-color":"var(--ast-global-color-5)","background-image":"","background-repeat":"repeat","background-position":"center center","background-size":"auto","background-attachment":"scroll","background-type":"","background-media":"","overlay-type":"","overlay-color":"","overlay-opacity":"","overlay-gradient":""}}},"product_brand":[],"product_cat":[86,94,98,129,139],"product_tag":[56,30,36,48,41,42,32,33,69,43],"class_list":{"0":"post-628","1":"product","2":"type-product","3":"status-publish","4":"has-post-thumbnail","6":"product_cat-accesorios","7":"product_cat-cubitt-hydro-bottle","8":"product_cat-mejor-vendidos","9":"product_cat-s-o","10":"product_cat-todos-los-productos","11":"product_tag-almendra","12":"product_tag-azul","13":"product_tag-blanco","14":"product_tag-gris","15":"product_tag-negro","16":"product_tag-rosado","17":"product_tag-spo-default","18":"product_tag-spo-disabled","19":"product_tag-termo","20":"product_tag-verde","21":"desktop-align-center","22":"tablet-align-left","23":"mobile-align-left","25":"first","26":"instock","27":"taxable","28":"shipping-taxable","29":"purchasable","30":"product-type-variable","31":"rtwpvg-product"},"acf":[],"aioseo_notices":[],"_links":{"self":[{"href":"https:\/\/cubitt.com.ec\/staging\/wp-json\/wp\/v2\/product\/628","targetHints":{"allow":["GET"]}}],"collection":[{"href":"https:\/\/cubitt.com.ec\/staging\/wp-json\/wp\/v2\/product"}],"about":[{"href":"https:\/\/cubitt.com.ec\/staging\/wp-json\/wp\/v2\/types\/product"}],"replies":[{"embeddable":true,"href":"https:\/\/cubitt.com.ec\/staging\/wp-json\/wp\/v2\/comments?post=628"}],"wp:featuredmedia":[{"embeddable":true,"href":"https:\/\/cubitt.com.ec\/staging\/wp-json\/wp\/v2\/media\/957"}],"wp:attachment":[{"href":"https:\/\/cubitt.com.ec\/staging\/wp-json\/wp\/v2\/media?parent=628"}],"wp:term":[{"taxonomy":"product_brand","embeddable":true,"href":"https:\/\/cubitt.com.ec\/staging\/wp-json\/wp\/v2\/product_brand?post=628"},{"taxonomy":"product_cat","embeddable":true,"href":"https:\/\/cubitt.com.ec\/staging\/wp-json\/wp\/v2\/product_cat?post=628"},{"taxonomy":"product_tag","embeddable":true,"href":"https:\/\/cubitt.com.ec\/staging\/wp-json\/wp\/v2\/product_tag?post=628"}],"curies":[{"name":"wp","href":"https:\/\/api.w.org\/{rel}","templated":true}]}}