{"id":3825,"date":"2026-01-07T21:58:11","date_gmt":"2026-01-07T21:58:11","guid":{"rendered":"https:\/\/cubitt.com.ec\/staging\/?post_type=product&#038;p=3825"},"modified":"2026-03-04T14:59:41","modified_gmt":"2026-03-04T14:59:41","slug":"terra-special-edition","status":"publish","type":"product","link":"https:\/\/cubitt.com.ec\/staging\/product\/terra-special-edition\/","title":{"rendered":"TERRA Special Edition"},"content":{"rendered":"<div class=\"ace-line ace-line old-record-id-F6V4deFe1oJlXPxGwsEljHnGgrg\">\n<div class=\"rich-text-paragraph\" data-eleid=\"7\"><span class=\"text-only\" data-eleid=\"8\">Descubre el\u00a0<\/span><strong><span class=\"text-only\" data-eleid=\"9\">Cubitt TERRA Special Edition<\/span><\/strong><span class=\"text-only\" data-eleid=\"10\">, una versi\u00f3n exclusiva del smartwatch m\u00e1s resistente y avanzado de Cubitt.<\/span><\/div>\n<div class=\"rich-text-paragraph\" data-eleid=\"12\"><span class=\"text-only\" data-eleid=\"13\">Con la misma potencia y tecnolog\u00eda del Terra original \u2014 certificaci\u00f3n de grado militar, GPS de doble banda, resistencia al agua 5ATM y pantalla AMOLED ultra-brillante de 1.48\u201d \u2014 esta edici\u00f3n especial incluye una correa adicional intercambiable, para que combines tu estilo con cualquier ocasi\u00f3n.<\/span><\/div>\n<div data-eleid=\"12\"><\/div>\n<div class=\"rich-text-paragraph\" data-eleid=\"15\"><span class=\"text-only\" data-eleid=\"16\">Mantente conectado con llamadas por Bluetooth, an\u00e1lisis avanzado del sue\u00f1o con Sleep Score, y el soporte inteligente del VITA AI Assistant y AI Coach, dise\u00f1ados para optimizar tu rendimiento, recuperaci\u00f3n y bienestar.<\/span><\/div>\n<div class=\"rich-text-paragraph\" data-eleid=\"18\"><span class=\"text-only\" data-eleid=\"19\">Ya sea en la ciudad, el gimnasio o en plena naturaleza, el Terra Special Edition es tu aliado definitivo en rendimiento, estilo y durabilidad.<\/span><\/div>\n<\/div>\n","protected":false},"excerpt":{"rendered":"<p><span class=\"text-only\" data-eleid=\"8\">\u00a0<\/span><strong><span class=\"text-only\" data-eleid=\"9\">Cubitt TERRA Special Edition<\/span><\/strong><span class=\"text-only\" data-eleid=\"10\">, una versi\u00f3n exclusiva del smartwatch m\u00e1s resistente y avanzado de Cubitt.<\/span><\/p>\n","protected":false},"featured_media":3971,"comment_status":"open","ping_status":"closed","template":"","meta":{"site-sidebar-layout":"default","site-content-layout":"","ast-site-content-layout":"default","site-content-style":"default","site-sidebar-style":"default","ast-global-header-display":"","ast-banner-title-visibility":"","ast-main-header-display":"","ast-hfb-above-header-display":"","ast-hfb-below-header-display":"","ast-hfb-mobile-header-display":"","site-post-title":"","ast-breadcrumbs-content":"","ast-featured-img":"","footer-sml-layout":"","ast-disable-related-posts":"","theme-transparent-header-meta":"default","adv-header-id-meta":"","stick-header-meta":"","header-above-stick-meta":"","header-main-stick-meta":"","header-below-stick-meta":"","astra-migrate-meta-layouts":"set","ast-page-background-enabled":"default","ast-page-background-meta":{"desktop":{"background-color":"var(--ast-global-color-4)","background-image":"","background-repeat":"repeat","background-position":"center center","background-size":"auto","background-attachment":"scroll","background-type":"","background-media":"","overlay-type":"","overlay-color":"","overlay-opacity":"","overlay-gradient":""},"tablet":{"background-color":"","background-image":"","background-repeat":"repeat","background-position":"center center","background-size":"auto","background-attachment":"scroll","background-type":"","background-media":"","overlay-type":"","overlay-color":"","overlay-opacity":"","overlay-gradient":""},"mobile":{"background-color":"","background-image":"","background-repeat":"repeat","background-position":"center center","background-size":"auto","background-attachment":"scroll","background-type":"","background-media":"","overlay-type":"","overlay-color":"","overlay-opacity":"","overlay-gradient":""}},"ast-content-background-meta":{"desktop":{"background-color":"var(--ast-global-color-5)","background-image":"","background-repeat":"repeat","background-position":"center center","background-size":"auto","background-attachment":"scroll","background-type":"","background-media":"","overlay-type":"","overlay-color":"","overlay-opacity":"","overlay-gradient":""},"tablet":{"background-color":"var(--ast-global-color-5)","background-image":"","background-repeat":"repeat","background-position":"center center","background-size":"auto","background-attachment":"scroll","background-type":"","background-media":"","overlay-type":"","overlay-color":"","overlay-opacity":"","overlay-gradient":""},"mobile":{"background-color":"var(--ast-global-color-5)","background-image":"","background-repeat":"repeat","background-position":"center center","background-size":"auto","background-attachment":"scroll","background-type":"","background-media":"","overlay-type":"","overlay-color":"","overlay-opacity":"","overlay-gradient":""}}},"product_brand":[],"product_cat":[93,97,98,129,275,139,107],"product_tag":[36,41,70,234,276,287,43],"class_list":{"0":"post-3825","1":"product","2":"type-product","3":"status-publish","4":"has-post-thumbnail","6":"product_cat-cubitt","7":"product_cat-lo-nuevo","8":"product_cat-mejor-vendidos","9":"product_cat-s-o","10":"product_cat-terra","11":"product_cat-todos-los-productos","12":"product_cat-todos-los-relojes","13":"product_tag-blanco","14":"product_tag-negro","15":"product_tag-reloj","16":"product_tag-sand","17":"product_tag-terra","18":"product_tag-terra-special-edition","19":"product_tag-verde","20":"desktop-align-center","21":"tablet-align-left","22":"mobile-align-left","24":"first","25":"instock","26":"taxable","27":"shipping-taxable","28":"purchasable","29":"product-type-simple"},"acf":[],"aioseo_notices":[],"_links":{"self":[{"href":"https:\/\/cubitt.com.ec\/staging\/wp-json\/wp\/v2\/product\/3825","targetHints":{"allow":["GET"]}}],"collection":[{"href":"https:\/\/cubitt.com.ec\/staging\/wp-json\/wp\/v2\/product"}],"about":[{"href":"https:\/\/cubitt.com.ec\/staging\/wp-json\/wp\/v2\/types\/product"}],"replies":[{"embeddable":true,"href":"https:\/\/cubitt.com.ec\/staging\/wp-json\/wp\/v2\/comments?post=3825"}],"wp:featuredmedia":[{"embeddable":true,"href":"https:\/\/cubitt.com.ec\/staging\/wp-json\/wp\/v2\/media\/3971"}],"wp:attachment":[{"href":"https:\/\/cubitt.com.ec\/staging\/wp-json\/wp\/v2\/media?parent=3825"}],"wp:term":[{"taxonomy":"product_brand","embeddable":true,"href":"https:\/\/cubitt.com.ec\/staging\/wp-json\/wp\/v2\/product_brand?post=3825"},{"taxonomy":"product_cat","embeddable":true,"href":"https:\/\/cubitt.com.ec\/staging\/wp-json\/wp\/v2\/product_cat?post=3825"},{"taxonomy":"product_tag","embeddable":true,"href":"https:\/\/cubitt.com.ec\/staging\/wp-json\/wp\/v2\/product_tag?post=3825"}],"curies":[{"name":"wp","href":"https:\/\/api.w.org\/{rel}","templated":true}]}}