{"id":3600,"date":"2025-10-08T16:06:31","date_gmt":"2025-10-08T16:06:31","guid":{"rendered":"https:\/\/cubitt.com.ec\/?post_type=product&#038;p=3600"},"modified":"2025-12-10T18:51:32","modified_gmt":"2025-12-10T18:51:32","slug":"terra","status":"publish","type":"product","link":"https:\/\/cubitt.com.ec\/staging\/product\/terra\/","title":{"rendered":"TERRA"},"content":{"rendered":"<ul>\n<li>Navegador de mapas sin conexi\u00f3n<\/li>\n<li>Certificaci\u00f3n militar<\/li>\n<li>Bar\u00f3metro y comp\u00e1s<\/li>\n<li>Notificaciones de Apps y respuestas r\u00e1pidas<\/li>\n<li>Readiness Score<\/li>\n<li>Monitor card\u00edaco, ox\u00edgeno en sangre y del estr\u00e9s<\/li>\n<li>An\u00e1lisis del sue\u00f1o<\/li>\n<li>Ai-Coach<\/li>\n<li>Ciclo menstrual<\/li>\n<li>GPS de doble banda<\/li>\n<li>Rutinas de entrenamiento animadas<\/li>\n<li>M\u00e1s de 100 modos de deporte<\/li>\n<li>Modo de nataci\u00f3n<\/li>\n<li>Reproducci\u00f3n de m\u00fasica sin conexi\u00f3n<\/li>\n<li>Pron\u00f3stico del tiempo<\/li>\n<li>Notas de voz<\/li>\n<li>Calendario del tel\u00e9fono<\/li>\n<li>Pantalla Always-on<\/li>\n<\/ul>\n","protected":false},"excerpt":{"rendered":"<p>Navegador de mapas sin conexi\u00f3n Certificaci\u00f3n militar Bar\u00f3metro y comp\u00e1s Notificaciones de Apps y respuestas r\u00e1pidas Readiness Score Monitor card\u00edaco, ox\u00edgeno en sangre y del estr\u00e9s An\u00e1lisis del sue\u00f1o Ai-Coach Ciclo menstrual GPS de doble banda Rutinas de entrenamiento animadas M\u00e1s de 100 modos de deporte Modo de nataci\u00f3n Reproducci\u00f3n de m\u00fasica sin conexi\u00f3n Pron\u00f3stico del tiempo Notas de voz Calendario del tel\u00e9fono Pantalla Always-on<\/p>\n","protected":false},"featured_media":3592,"comment_status":"open","ping_status":"closed","template":"","meta":{"site-sidebar-layout":"default","site-content-layout":"","ast-site-content-layout":"default","site-content-style":"default","site-sidebar-style":"default","ast-global-header-display":"","ast-banner-title-visibility":"","ast-main-header-display":"","ast-hfb-above-header-display":"","ast-hfb-below-header-display":"","ast-hfb-mobile-header-display":"","site-post-title":"","ast-breadcrumbs-content":"","ast-featured-img":"","footer-sml-layout":"","ast-disable-related-posts":"","theme-transparent-header-meta":"default","adv-header-id-meta":"","stick-header-meta":"","header-above-stick-meta":"","header-main-stick-meta":"","header-below-stick-meta":"","astra-migrate-meta-layouts":"set","ast-page-background-enabled":"default","ast-page-background-meta":{"desktop":{"background-color":"var(--ast-global-color-4)","background-image":"","background-repeat":"repeat","background-position":"center center","background-size":"auto","background-attachment":"scroll","background-type":"","background-media":"","overlay-type":"","overlay-color":"","overlay-opacity":"","overlay-gradient":""},"tablet":{"background-color":"","background-image":"","background-repeat":"repeat","background-position":"center center","background-size":"auto","background-attachment":"scroll","background-type":"","background-media":"","overlay-type":"","overlay-color":"","overlay-opacity":"","overlay-gradient":""},"mobile":{"background-color":"","background-image":"","background-repeat":"repeat","background-position":"center center","background-size":"auto","background-attachment":"scroll","background-type":"","background-media":"","overlay-type":"","overlay-color":"","overlay-opacity":"","overlay-gradient":""}},"ast-content-background-meta":{"desktop":{"background-color":"var(--ast-global-color-5)","background-image":"","background-repeat":"repeat","background-position":"center center","background-size":"auto","background-attachment":"scroll","background-type":"","background-media":"","overlay-type":"","overlay-color":"","overlay-opacity":"","overlay-gradient":""},"tablet":{"background-color":"var(--ast-global-color-5)","background-image":"","background-repeat":"repeat","background-position":"center center","background-size":"auto","background-attachment":"scroll","background-type":"","background-media":"","overlay-type":"","overlay-color":"","overlay-opacity":"","overlay-gradient":""},"mobile":{"background-color":"var(--ast-global-color-5)","background-image":"","background-repeat":"repeat","background-position":"center center","background-size":"auto","background-attachment":"scroll","background-type":"","background-media":"","overlay-type":"","overlay-color":"","overlay-opacity":"","overlay-gradient":""}}},"product_brand":[],"product_cat":[93,97,98,129,275,139,107],"product_tag":[36,41,70,234,276,43],"class_list":{"0":"post-3600","1":"product","2":"type-product","3":"status-publish","4":"has-post-thumbnail","6":"product_cat-cubitt","7":"product_cat-lo-nuevo","8":"product_cat-mejor-vendidos","9":"product_cat-s-o","10":"product_cat-terra","11":"product_cat-todos-los-productos","12":"product_cat-todos-los-relojes","13":"product_tag-blanco","14":"product_tag-negro","15":"product_tag-reloj","16":"product_tag-sand","17":"product_tag-terra","18":"product_tag-verde","19":"desktop-align-center","20":"tablet-align-left","21":"mobile-align-left","23":"first","24":"instock","25":"taxable","26":"shipping-taxable","27":"purchasable","28":"product-type-variable","29":"rtwpvg-product"},"acf":[],"aioseo_notices":[],"_links":{"self":[{"href":"https:\/\/cubitt.com.ec\/staging\/wp-json\/wp\/v2\/product\/3600","targetHints":{"allow":["GET"]}}],"collection":[{"href":"https:\/\/cubitt.com.ec\/staging\/wp-json\/wp\/v2\/product"}],"about":[{"href":"https:\/\/cubitt.com.ec\/staging\/wp-json\/wp\/v2\/types\/product"}],"replies":[{"embeddable":true,"href":"https:\/\/cubitt.com.ec\/staging\/wp-json\/wp\/v2\/comments?post=3600"}],"wp:featuredmedia":[{"embeddable":true,"href":"https:\/\/cubitt.com.ec\/staging\/wp-json\/wp\/v2\/media\/3592"}],"wp:attachment":[{"href":"https:\/\/cubitt.com.ec\/staging\/wp-json\/wp\/v2\/media?parent=3600"}],"wp:term":[{"taxonomy":"product_brand","embeddable":true,"href":"https:\/\/cubitt.com.ec\/staging\/wp-json\/wp\/v2\/product_brand?post=3600"},{"taxonomy":"product_cat","embeddable":true,"href":"https:\/\/cubitt.com.ec\/staging\/wp-json\/wp\/v2\/product_cat?post=3600"},{"taxonomy":"product_tag","embeddable":true,"href":"https:\/\/cubitt.com.ec\/staging\/wp-json\/wp\/v2\/product_tag?post=3600"}],"curies":[{"name":"wp","href":"https:\/\/api.w.org\/{rel}","templated":true}]}}