{"id":3510,"date":"2025-10-08T15:12:33","date_gmt":"2025-10-08T15:12:33","guid":{"rendered":"https:\/\/cubitt.com.ec\/?post_type=product&#038;p=3510"},"modified":"2025-12-02T00:02:04","modified_gmt":"2025-12-02T00:02:04","slug":"aura-2","status":"publish","type":"product","link":"https:\/\/cubitt.com.ec\/staging\/product\/aura-2\/","title":{"rendered":"AURA 2"},"content":{"rendered":"<ul>\n<li>Notificaciones de Apps y respuestas r\u00e1pidas<\/li>\n<li>Readiness Score<\/li>\n<li>Monitor card\u00edaco, ox\u00edgeno en sangre y del estr\u00e9s<\/li>\n<li>An\u00e1lisis del sue\u00f1o<\/li>\n<li>Ai-Coach<\/li>\n<li>Ciclo menstrual y temperatura corporal<\/li>\n<li>GPS desde la app<\/li>\n<li>Rutinas de entrenamiento animadas<\/li>\n<li>M\u00e1s de 100 modos de deporte<\/li>\n<li>Modo de nataci\u00f3n<\/li>\n<li>Reproducci\u00f3n de m\u00fasica sin conexi\u00f3n<\/li>\n<li>Pron\u00f3stico del tiempo<\/li>\n<li>Notas de voz<\/li>\n<li>Calendario del tel\u00e9fono<\/li>\n<li>Pantalla Always-on<\/li>\n<\/ul>\n","protected":false},"excerpt":{"rendered":"<p>Notificaciones de Apps y respuestas r\u00e1pidas Readiness Score Monitor card\u00edaco, ox\u00edgeno en sangre y del estr\u00e9s An\u00e1lisis del sue\u00f1o Ai-Coach Ciclo menstrual y temperatura corporal GPS desde la app Rutinas de entrenamiento animadas M\u00e1s de 100 modos de deporte Modo de nataci\u00f3n Reproducci\u00f3n de m\u00fasica sin conexi\u00f3n Pron\u00f3stico del tiempo Notas de voz Calendario del tel\u00e9fono Pantalla Always-on<\/p>\n","protected":false},"featured_media":3516,"comment_status":"open","ping_status":"closed","template":"","meta":{"site-sidebar-layout":"default","site-content-layout":"","ast-site-content-layout":"default","site-content-style":"default","site-sidebar-style":"default","ast-global-header-display":"","ast-banner-title-visibility":"","ast-main-header-display":"","ast-hfb-above-header-display":"","ast-hfb-below-header-display":"","ast-hfb-mobile-header-display":"","site-post-title":"","ast-breadcrumbs-content":"","ast-featured-img":"","footer-sml-layout":"","ast-disable-related-posts":"","theme-transparent-header-meta":"default","adv-header-id-meta":"","stick-header-meta":"","header-above-stick-meta":"","header-main-stick-meta":"","header-below-stick-meta":"","astra-migrate-meta-layouts":"set","ast-page-background-enabled":"default","ast-page-background-meta":{"desktop":{"background-color":"var(--ast-global-color-4)","background-image":"","background-repeat":"repeat","background-position":"center center","background-size":"auto","background-attachment":"scroll","background-type":"","background-media":"","overlay-type":"","overlay-color":"","overlay-opacity":"","overlay-gradient":""},"tablet":{"background-color":"","background-image":"","background-repeat":"repeat","background-position":"center center","background-size":"auto","background-attachment":"scroll","background-type":"","background-media":"","overlay-type":"","overlay-color":"","overlay-opacity":"","overlay-gradient":""},"mobile":{"background-color":"","background-image":"","background-repeat":"repeat","background-position":"center center","background-size":"auto","background-attachment":"scroll","background-type":"","background-media":"","overlay-type":"","overlay-color":"","overlay-opacity":"","overlay-gradient":""}},"ast-content-background-meta":{"desktop":{"background-color":"var(--ast-global-color-5)","background-image":"","background-repeat":"repeat","background-position":"center center","background-size":"auto","background-attachment":"scroll","background-type":"","background-media":"","overlay-type":"","overlay-color":"","overlay-opacity":"","overlay-gradient":""},"tablet":{"background-color":"var(--ast-global-color-5)","background-image":"","background-repeat":"repeat","background-position":"center center","background-size":"auto","background-attachment":"scroll","background-type":"","background-media":"","overlay-type":"","overlay-color":"","overlay-opacity":"","overlay-gradient":""},"mobile":{"background-color":"var(--ast-global-color-5)","background-image":"","background-repeat":"repeat","background-position":"center center","background-size":"auto","background-attachment":"scroll","background-type":"","background-media":"","overlay-type":"","overlay-color":"","overlay-opacity":"","overlay-gradient":""}}},"product_brand":[],"product_cat":[216,282,93,97,98,129,139,107],"product_tag":[218,30,219,48,41,70,42],"class_list":{"0":"post-3510","1":"product","2":"type-product","3":"status-publish","4":"has-post-thumbnail","6":"product_cat-aura","7":"product_cat-aura-2","8":"product_cat-cubitt","9":"product_cat-lo-nuevo","10":"product_cat-mejor-vendidos","11":"product_cat-s-o","12":"product_cat-todos-los-productos","13":"product_cat-todos-los-relojes","14":"product_tag-aura","15":"product_tag-azul","16":"product_tag-cafe","17":"product_tag-gris","18":"product_tag-negro","19":"product_tag-reloj","20":"product_tag-rosado","21":"desktop-align-center","22":"tablet-align-left","23":"mobile-align-left","25":"first","26":"instock","27":"taxable","28":"shipping-taxable","29":"purchasable","30":"product-type-variable","31":"rtwpvg-product"},"acf":[],"aioseo_notices":[],"_links":{"self":[{"href":"https:\/\/cubitt.com.ec\/staging\/wp-json\/wp\/v2\/product\/3510","targetHints":{"allow":["GET"]}}],"collection":[{"href":"https:\/\/cubitt.com.ec\/staging\/wp-json\/wp\/v2\/product"}],"about":[{"href":"https:\/\/cubitt.com.ec\/staging\/wp-json\/wp\/v2\/types\/product"}],"replies":[{"embeddable":true,"href":"https:\/\/cubitt.com.ec\/staging\/wp-json\/wp\/v2\/comments?post=3510"}],"wp:featuredmedia":[{"embeddable":true,"href":"https:\/\/cubitt.com.ec\/staging\/wp-json\/wp\/v2\/media\/3516"}],"wp:attachment":[{"href":"https:\/\/cubitt.com.ec\/staging\/wp-json\/wp\/v2\/media?parent=3510"}],"wp:term":[{"taxonomy":"product_brand","embeddable":true,"href":"https:\/\/cubitt.com.ec\/staging\/wp-json\/wp\/v2\/product_brand?post=3510"},{"taxonomy":"product_cat","embeddable":true,"href":"https:\/\/cubitt.com.ec\/staging\/wp-json\/wp\/v2\/product_cat?post=3510"},{"taxonomy":"product_tag","embeddable":true,"href":"https:\/\/cubitt.com.ec\/staging\/wp-json\/wp\/v2\/product_tag?post=3510"}],"curies":[{"name":"wp","href":"https:\/\/api.w.org\/{rel}","templated":true}]}}