{"id":3250,"date":"2025-07-14T15:23:40","date_gmt":"2025-07-14T15:23:40","guid":{"rendered":"https:\/\/cubitt.com.ec\/?post_type=product&#038;p=3250"},"modified":"2026-03-04T17:58:59","modified_gmt":"2026-03-04T17:58:59","slug":"power-buds","status":"publish","type":"product","link":"https:\/\/cubitt.com.ec\/staging\/product\/power-buds\/","title":{"rendered":"Power BUDS"},"content":{"rendered":"<ul>\n<li>Cancelaci\u00f3n Activa de Ruido (ANC)<\/li>\n<li>Sonido Premium con Bajos Profundos<\/li>\n<li>Micr\u00f3fono con Reducci\u00f3n de Ruido en Llamadas<\/li>\n<li>Bluetooth 5.4 + Baja Latencia (55 ms)<\/li>\n<li>Hasta 5 Horas de Reproducci\u00f3n + Estuche con 500 mAh<\/li>\n<li>Controles T\u00e1ctiles Inteligentes + Modo Juego<\/li>\n<li>Modo Transparencia<\/li>\n<\/ul>\n","protected":false},"excerpt":{"rendered":"<p>Cancelaci\u00f3n Activa de Ruido (ANC) Sonido Premium con Bajos Profundos Micr\u00f3fono con Reducci\u00f3n de Ruido en Llamadas Bluetooth 5.4 + Baja Latencia (55 ms) Hasta 5 Horas de Reproducci\u00f3n + Estuche con 500 mAh Controles T\u00e1ctiles Inteligentes + Modo Juego Modo Transparencia<\/p>\n","protected":false},"featured_media":3257,"comment_status":"open","ping_status":"closed","template":"","meta":{"site-sidebar-layout":"default","site-content-layout":"","ast-site-content-layout":"default","site-content-style":"default","site-sidebar-style":"default","ast-global-header-display":"","ast-banner-title-visibility":"","ast-main-header-display":"","ast-hfb-above-header-display":"","ast-hfb-below-header-display":"","ast-hfb-mobile-header-display":"","site-post-title":"","ast-breadcrumbs-content":"","ast-featured-img":"","footer-sml-layout":"","ast-disable-related-posts":"","theme-transparent-header-meta":"default","adv-header-id-meta":"","stick-header-meta":"","header-above-stick-meta":"","header-main-stick-meta":"","header-below-stick-meta":"","astra-migrate-meta-layouts":"set","ast-page-background-enabled":"default","ast-page-background-meta":{"desktop":{"background-color":"var(--ast-global-color-4)","background-image":"","background-repeat":"repeat","background-position":"center center","background-size":"auto","background-attachment":"scroll","background-type":"","background-media":"","overlay-type":"","overlay-color":"","overlay-opacity":"","overlay-gradient":""},"tablet":{"background-color":"","background-image":"","background-repeat":"repeat","background-position":"center center","background-size":"auto","background-attachment":"scroll","background-type":"","background-media":"","overlay-type":"","overlay-color":"","overlay-opacity":"","overlay-gradient":""},"mobile":{"background-color":"","background-image":"","background-repeat":"repeat","background-position":"center center","background-size":"auto","background-attachment":"scroll","background-type":"","background-media":"","overlay-type":"","overlay-color":"","overlay-opacity":"","overlay-gradient":""}},"ast-content-background-meta":{"desktop":{"background-color":"var(--ast-global-color-5)","background-image":"","background-repeat":"repeat","background-position":"center center","background-size":"auto","background-attachment":"scroll","background-type":"","background-media":"","overlay-type":"","overlay-color":"","overlay-opacity":"","overlay-gradient":""},"tablet":{"background-color":"var(--ast-global-color-5)","background-image":"","background-repeat":"repeat","background-position":"center center","background-size":"auto","background-attachment":"scroll","background-type":"","background-media":"","overlay-type":"","overlay-color":"","overlay-opacity":"","overlay-gradient":""},"mobile":{"background-color":"var(--ast-global-color-5)","background-image":"","background-repeat":"repeat","background-position":"center center","background-size":"auto","background-attachment":"scroll","background-type":"","background-media":"","overlay-type":"","overlay-color":"","overlay-opacity":"","overlay-gradient":""}}},"product_brand":[],"product_cat":[86,109,93,98,247,104,139,108],"product_tag":[84,60,30,36,41,42],"class_list":{"0":"post-3250","1":"product","2":"type-product","3":"status-publish","4":"has-post-thumbnail","6":"product_cat-accesorios","7":"product_cat-audio","8":"product_cat-cubitt","9":"product_cat-mejor-vendidos","10":"product_cat-power-buds","11":"product_cat-regalos-en-menos-de-50","12":"product_cat-todos-los-productos","13":"product_cat-wireless-earbuds","14":"product_tag-audifonos","15":"product_tag-audio","16":"product_tag-azul","17":"product_tag-blanco","18":"product_tag-negro","19":"product_tag-rosado","20":"desktop-align-center","21":"tablet-align-left","22":"mobile-align-left","24":"first","25":"instock","26":"taxable","27":"shipping-taxable","28":"purchasable","29":"product-type-variable","30":"rtwpvg-product"},"acf":[],"aioseo_notices":[],"_links":{"self":[{"href":"https:\/\/cubitt.com.ec\/staging\/wp-json\/wp\/v2\/product\/3250","targetHints":{"allow":["GET"]}}],"collection":[{"href":"https:\/\/cubitt.com.ec\/staging\/wp-json\/wp\/v2\/product"}],"about":[{"href":"https:\/\/cubitt.com.ec\/staging\/wp-json\/wp\/v2\/types\/product"}],"replies":[{"embeddable":true,"href":"https:\/\/cubitt.com.ec\/staging\/wp-json\/wp\/v2\/comments?post=3250"}],"wp:featuredmedia":[{"embeddable":true,"href":"https:\/\/cubitt.com.ec\/staging\/wp-json\/wp\/v2\/media\/3257"}],"wp:attachment":[{"href":"https:\/\/cubitt.com.ec\/staging\/wp-json\/wp\/v2\/media?parent=3250"}],"wp:term":[{"taxonomy":"product_brand","embeddable":true,"href":"https:\/\/cubitt.com.ec\/staging\/wp-json\/wp\/v2\/product_brand?post=3250"},{"taxonomy":"product_cat","embeddable":true,"href":"https:\/\/cubitt.com.ec\/staging\/wp-json\/wp\/v2\/product_cat?post=3250"},{"taxonomy":"product_tag","embeddable":true,"href":"https:\/\/cubitt.com.ec\/staging\/wp-json\/wp\/v2\/product_tag?post=3250"}],"curies":[{"name":"wp","href":"https:\/\/api.w.org\/{rel}","templated":true}]}}