{"id":3083,"date":"2025-01-21T16:53:51","date_gmt":"2025-01-21T16:53:51","guid":{"rendered":"https:\/\/cubitt.com.ec\/?post_type=product&#038;p=3083"},"modified":"2025-12-02T00:02:05","modified_gmt":"2025-12-02T00:02:05","slug":"cubitt-jr-x-paw-patrol","status":"publish","type":"product","link":"https:\/\/cubitt.com.ec\/staging\/product\/cubitt-jr-x-paw-patrol\/","title":{"rendered":"Cubitt Jr. x Paw Patrol"},"content":{"rendered":"<ul>\n<li>Dise\u00f1ado para ni\u00f1os\/adolescentes de 5 a 15 a\u00f1os<\/li>\n<li>8 juegos interesantes para ejercitar el cerebro y divertirse con amigos\/padres<\/li>\n<li>Alarmas para recordar los horarios diarios de los ni\u00f1os\/adolescentes como: despertarse, desayunar, ir a la escuela, hacer la tarea, hacer deporte, pasar tiempo en familia, irse a la cama por la noche.<\/li>\n<li>8 diales diferentes en el reloj que dicen la hora, y m\u00e1s de 100 diales provienen de la aplicaci\u00f3n<\/li>\n<li>IP68 a prueba de agua (1,5 metros durante 30 minutos)<\/li>\n<li>7+ d\u00edas de bater\u00eda (tiempo de trabajo normal 5-7 d\u00edas, tiempo de espera 14 d\u00edas)<\/li>\n<li>Monitoreo de frecuencia card\u00edaca<\/li>\n<li>Seguimiento de modos deportivos<\/li>\n<li>Monitoreo del sue\u00f1o<\/li>\n<li>Seguimiento de la temperatura corporal<\/li>\n<li>Pron\u00f3stico del tiempo<\/li>\n<\/ul>\n<p><strong>Compatible con iOS y Android<\/strong><\/p>\n<ul>\n<li>Notificaciones de llamadas<\/li>\n<li>Notificaciones de texto y Whatsapp<\/li>\n<li>Despertador + temporizador<\/li>\n<li>Notificaciones sociales<\/li>\n<\/ul>\n","protected":false},"excerpt":{"rendered":"<p>Dise\u00f1ado para ni\u00f1os\/adolescentes de 5 a 15 a\u00f1os 8 juegos interesantes para ejercitar el cerebro y divertirse con amigos\/padres Alarmas para recordar los horarios diarios de los ni\u00f1os\/adolescentes como: despertarse, desayunar, ir a la escuela, hacer la tarea, hacer deporte, pasar tiempo en familia, irse a la cama por la noche. 8 diales diferentes en el reloj que dicen la hora, y m\u00e1s de 100 diales provienen de la aplicaci\u00f3n IP68 a prueba de agua (1,5 metros durante 30 minutos) 7+ d\u00edas de bater\u00eda (tiempo de trabajo normal 5-7 d\u00edas, tiempo de espera 14 d\u00edas) Monitoreo de frecuencia card\u00edaca Seguimiento de modos deportivos Monitoreo del sue\u00f1o Seguimiento de la temperatura corporal Pron\u00f3stico del tiempo Compatible con iOS y Android Notificaciones de llamadas Notificaciones de texto y Whatsapp Despertador + temporizador Notificaciones sociales<\/p>\n","protected":false},"featured_media":3110,"comment_status":"open","ping_status":"closed","template":"","meta":{"site-sidebar-layout":"default","site-content-layout":"","ast-site-content-layout":"default","site-content-style":"default","site-sidebar-style":"default","ast-global-header-display":"","ast-banner-title-visibility":"","ast-main-header-display":"","ast-hfb-above-header-display":"","ast-hfb-below-header-display":"","ast-hfb-mobile-header-display":"","site-post-title":"","ast-breadcrumbs-content":"","ast-featured-img":"","footer-sml-layout":"","ast-disable-related-posts":"","theme-transparent-header-meta":"default","adv-header-id-meta":"","stick-header-meta":"","header-above-stick-meta":"","header-main-stick-meta":"","header-below-stick-meta":"","astra-migrate-meta-layouts":"set","ast-page-background-enabled":"default","ast-page-background-meta":{"desktop":{"background-color":"var(--ast-global-color-4)","background-image":"","background-repeat":"repeat","background-position":"center center","background-size":"auto","background-attachment":"scroll","background-type":"","background-media":"","overlay-type":"","overlay-color":"","overlay-opacity":"","overlay-gradient":""},"tablet":{"background-color":"","background-image":"","background-repeat":"repeat","background-position":"center center","background-size":"auto","background-attachment":"scroll","background-type":"","background-media":"","overlay-type":"","overlay-color":"","overlay-opacity":"","overlay-gradient":""},"mobile":{"background-color":"","background-image":"","background-repeat":"repeat","background-position":"center center","background-size":"auto","background-attachment":"scroll","background-type":"","background-media":"","overlay-type":"","overlay-color":"","overlay-opacity":"","overlay-gradient":""}},"ast-content-background-meta":{"desktop":{"background-color":"var(--ast-global-color-5)","background-image":"","background-repeat":"repeat","background-position":"center center","background-size":"auto","background-attachment":"scroll","background-type":"","background-media":"","overlay-type":"","overlay-color":"","overlay-opacity":"","overlay-gradient":""},"tablet":{"background-color":"var(--ast-global-color-5)","background-image":"","background-repeat":"repeat","background-position":"center center","background-size":"auto","background-attachment":"scroll","background-type":"","background-media":"","overlay-type":"","overlay-color":"","overlay-opacity":"","overlay-gradient":""},"mobile":{"background-color":"var(--ast-global-color-5)","background-image":"","background-repeat":"repeat","background-position":"center center","background-size":"auto","background-attachment":"scroll","background-type":"","background-media":"","overlay-type":"","overlay-color":"","overlay-opacity":"","overlay-gradient":""}}},"product_brand":[],"product_cat":[167,125,244,96,194,102,129,139,107],"product_tag":[30,76,40,245,70,42,57,43],"class_list":{"0":"post-3083","1":"product","2":"type-product","3":"status-publish","4":"has-post-thumbnail","6":"product_cat-coleccin-jr","7":"product_cat-cubitt-jr","8":"product_cat-paw-patrol","9":"product_cat-jr-teen","10":"product_cat-jr-teens","11":"product_cat-regalos-en-menos-de-120","12":"product_cat-s-o","13":"product_cat-todos-los-productos","14":"product_cat-todos-los-relojes","15":"product_tag-azul","16":"product_tag-jr","17":"product_tag-morado","18":"product_tag-paw-patrol","19":"product_tag-reloj","20":"product_tag-rosado","21":"product_tag-turquesa","22":"product_tag-verde","23":"desktop-align-center","24":"tablet-align-left","25":"mobile-align-left","27":"first","28":"instock","29":"taxable","30":"shipping-taxable","31":"purchasable","32":"product-type-variable","33":"rtwpvg-product"},"acf":[],"aioseo_notices":[],"_links":{"self":[{"href":"https:\/\/cubitt.com.ec\/staging\/wp-json\/wp\/v2\/product\/3083","targetHints":{"allow":["GET"]}}],"collection":[{"href":"https:\/\/cubitt.com.ec\/staging\/wp-json\/wp\/v2\/product"}],"about":[{"href":"https:\/\/cubitt.com.ec\/staging\/wp-json\/wp\/v2\/types\/product"}],"replies":[{"embeddable":true,"href":"https:\/\/cubitt.com.ec\/staging\/wp-json\/wp\/v2\/comments?post=3083"}],"wp:featuredmedia":[{"embeddable":true,"href":"https:\/\/cubitt.com.ec\/staging\/wp-json\/wp\/v2\/media\/3110"}],"wp:attachment":[{"href":"https:\/\/cubitt.com.ec\/staging\/wp-json\/wp\/v2\/media?parent=3083"}],"wp:term":[{"taxonomy":"product_brand","embeddable":true,"href":"https:\/\/cubitt.com.ec\/staging\/wp-json\/wp\/v2\/product_brand?post=3083"},{"taxonomy":"product_cat","embeddable":true,"href":"https:\/\/cubitt.com.ec\/staging\/wp-json\/wp\/v2\/product_cat?post=3083"},{"taxonomy":"product_tag","embeddable":true,"href":"https:\/\/cubitt.com.ec\/staging\/wp-json\/wp\/v2\/product_tag?post=3083"}],"curies":[{"name":"wp","href":"https:\/\/api.w.org\/{rel}","templated":true}]}}