{"id":2281,"date":"2024-02-05T14:26:22","date_gmt":"2024-02-05T14:26:22","guid":{"rendered":"https:\/\/cubitt.com.ec\/?post_type=product&#038;p=2281"},"modified":"2026-03-04T17:54:18","modified_gmt":"2026-03-04T17:54:18","slug":"aura","status":"publish","type":"product","link":"https:\/\/cubitt.com.ec\/staging\/product\/aura\/","title":{"rendered":"AURA"},"content":{"rendered":"<ul>\n<li>Bluetooth calling<\/li>\n<li>Soporte de br\u00fajula<\/li>\n<li>Monitoreo de ox\u00edgeno en la sangre<\/li>\n<li>Monitoreo del estr\u00e9s<\/li>\n<li>Monitoreo continuo del ritmo card\u00edaco<\/li>\n<li>60 modos de ejercicio<\/li>\n<li>Modo de nataci\u00f3n<\/li>\n<li>Quema de calor\u00edas a lo largo del d\u00eda<\/li>\n<li>Pasos diarios<\/li>\n<li>Control de sue\u00f1o y sus fases<\/li>\n<li>Alerta Sedentaria<\/li>\n<li>GPS desde el Celular<\/li>\n<li>Monitoreo de la ovulaci\u00f3n femenina<\/li>\n<li>Sesiones de respiraci\u00f3n guiada<\/li>\n<li>Control de la m\u00fasica<\/li>\n<li>Ajuste de brillo autom\u00e1tico<\/li>\n<li>No molestar<\/li>\n<li>Notificaciones de tu tel\u00e9fono inteligente<\/li>\n<li>Pron\u00f3stico del tiempo<\/li>\n<\/ul>\n","protected":false},"excerpt":{"rendered":"<p>Bluetooth calling Soporte de br\u00fajula Monitoreo de ox\u00edgeno en la sangre Monitoreo del estr\u00e9s Monitoreo continuo del ritmo card\u00edaco 60 modos de ejercicio Modo de nataci\u00f3n Quema de calor\u00edas a lo largo del d\u00eda Pasos diarios Control de sue\u00f1o y sus fases Alerta Sedentaria GPS desde el Celular Monitoreo de la ovulaci\u00f3n femenina Sesiones de respiraci\u00f3n guiada Control de la m\u00fasica Ajuste de brillo autom\u00e1tico No molestar Notificaciones de tu tel\u00e9fono inteligente Pron\u00f3stico del tiempo<\/p>\n","protected":false},"featured_media":2294,"comment_status":"open","ping_status":"closed","template":"","meta":{"site-sidebar-layout":"default","site-content-layout":"","ast-site-content-layout":"default","site-content-style":"default","site-sidebar-style":"default","ast-global-header-display":"","ast-banner-title-visibility":"","ast-main-header-display":"","ast-hfb-above-header-display":"","ast-hfb-below-header-display":"","ast-hfb-mobile-header-display":"","site-post-title":"","ast-breadcrumbs-content":"","ast-featured-img":"","footer-sml-layout":"","ast-disable-related-posts":"","theme-transparent-header-meta":"default","adv-header-id-meta":"","stick-header-meta":"","header-above-stick-meta":"","header-main-stick-meta":"","header-below-stick-meta":"","astra-migrate-meta-layouts":"set","ast-page-background-enabled":"default","ast-page-background-meta":{"desktop":{"background-color":"var(--ast-global-color-4)","background-image":"","background-repeat":"repeat","background-position":"center center","background-size":"auto","background-attachment":"scroll","background-type":"","background-media":"","overlay-type":"","overlay-color":"","overlay-opacity":"","overlay-gradient":""},"tablet":{"background-color":"","background-image":"","background-repeat":"repeat","background-position":"center center","background-size":"auto","background-attachment":"scroll","background-type":"","background-media":"","overlay-type":"","overlay-color":"","overlay-opacity":"","overlay-gradient":""},"mobile":{"background-color":"","background-image":"","background-repeat":"repeat","background-position":"center center","background-size":"auto","background-attachment":"scroll","background-type":"","background-media":"","overlay-type":"","overlay-color":"","overlay-opacity":"","overlay-gradient":""}},"ast-content-background-meta":{"desktop":{"background-color":"var(--ast-global-color-5)","background-image":"","background-repeat":"repeat","background-position":"center center","background-size":"auto","background-attachment":"scroll","background-type":"","background-media":"","overlay-type":"","overlay-color":"","overlay-opacity":"","overlay-gradient":""},"tablet":{"background-color":"var(--ast-global-color-5)","background-image":"","background-repeat":"repeat","background-position":"center center","background-size":"auto","background-attachment":"scroll","background-type":"","background-media":"","overlay-type":"","overlay-color":"","overlay-opacity":"","overlay-gradient":""},"mobile":{"background-color":"var(--ast-global-color-5)","background-image":"","background-repeat":"repeat","background-position":"center center","background-size":"auto","background-attachment":"scroll","background-type":"","background-media":"","overlay-type":"","overlay-color":"","overlay-opacity":"","overlay-gradient":""}}},"product_brand":[],"product_cat":[216,93,98,128,129,130,139,107],"product_tag":[70,42],"class_list":{"0":"post-2281","1":"product","2":"type-product","3":"status-publish","4":"has-post-thumbnail","6":"product_cat-aura","7":"product_cat-cubitt","8":"product_cat-mejor-vendidos","9":"product_cat-ofertas","10":"product_cat-s-o","11":"product_cat-sale","12":"product_cat-todos-los-productos","13":"product_cat-todos-los-relojes","14":"product_tag-reloj","15":"product_tag-rosado","16":"desktop-align-center","17":"tablet-align-left","18":"mobile-align-left","20":"first","21":"instock","22":"sale","23":"taxable","24":"shipping-taxable","25":"purchasable","26":"product-type-variable","27":"rtwpvg-product"},"acf":[],"aioseo_notices":[],"_links":{"self":[{"href":"https:\/\/cubitt.com.ec\/staging\/wp-json\/wp\/v2\/product\/2281","targetHints":{"allow":["GET"]}}],"collection":[{"href":"https:\/\/cubitt.com.ec\/staging\/wp-json\/wp\/v2\/product"}],"about":[{"href":"https:\/\/cubitt.com.ec\/staging\/wp-json\/wp\/v2\/types\/product"}],"replies":[{"embeddable":true,"href":"https:\/\/cubitt.com.ec\/staging\/wp-json\/wp\/v2\/comments?post=2281"}],"wp:featuredmedia":[{"embeddable":true,"href":"https:\/\/cubitt.com.ec\/staging\/wp-json\/wp\/v2\/media\/2294"}],"wp:attachment":[{"href":"https:\/\/cubitt.com.ec\/staging\/wp-json\/wp\/v2\/media?parent=2281"}],"wp:term":[{"taxonomy":"product_brand","embeddable":true,"href":"https:\/\/cubitt.com.ec\/staging\/wp-json\/wp\/v2\/product_brand?post=2281"},{"taxonomy":"product_cat","embeddable":true,"href":"https:\/\/cubitt.com.ec\/staging\/wp-json\/wp\/v2\/product_cat?post=2281"},{"taxonomy":"product_tag","embeddable":true,"href":"https:\/\/cubitt.com.ec\/staging\/wp-json\/wp\/v2\/product_tag?post=2281"}],"curies":[{"name":"wp","href":"https:\/\/api.w.org\/{rel}","templated":true}]}}