{"id":2183,"date":"2024-01-29T18:51:14","date_gmt":"2024-01-29T18:51:14","guid":{"rendered":"https:\/\/cubitt.com.ec\/?post_type=product&#038;p=2183"},"modified":"2026-03-06T17:23:08","modified_gmt":"2026-03-06T17:23:08","slug":"viva-pro","status":"publish","type":"product","link":"https:\/\/cubitt.com.ec\/staging\/product\/viva-pro\/","title":{"rendered":"VIVA pro"},"content":{"rendered":"<ul>\n<li>GPS integrado<\/li>\n<li>Bluetooth calling<\/li>\n<li>Monitoreo de ox\u00edgeno en la sangre<\/li>\n<li>Monitoreo del estr\u00e9s<\/li>\n<li>Monitor continuo del ritmo card\u00edaco<\/li>\n<li>Always-on display<\/li>\n<li>60 modos de ejercicio<\/li>\n<li>Quema de calor\u00eda a lo largo del d\u00eda<\/li>\n<li>Pasos diarios<\/li>\n<li>Control de sue\u00f1o y sus fases<\/li>\n<li>Alerta sedentaria<\/li>\n<li>Monitoreo de la ovulaci\u00f3n femenina<\/li>\n<li>Sesiones de respiraci\u00f3n guiada<\/li>\n<li>Control de la m\u00fasica<\/li>\n<li>Ajuste de brillo autom\u00e1tico<\/li>\n<li>No molestar<\/li>\n<li>Notificaciones de tu tel\u00e9fono inteligente<\/li>\n<\/ul>\n","protected":false},"excerpt":{"rendered":"<p>GPS integrado Bluetooth calling Monitoreo de ox\u00edgeno en la sangre Monitoreo del estr\u00e9s Monitor continuo del ritmo card\u00edaco Always-on display 60 modos de ejercicio Quema de calor\u00eda a lo largo del d\u00eda Pasos diarios Control de sue\u00f1o y sus fases Alerta sedentaria Monitoreo de la ovulaci\u00f3n femenina Sesiones de respiraci\u00f3n guiada Control de la m\u00fasica Ajuste de brillo autom\u00e1tico No molestar Notificaciones de tu tel\u00e9fono inteligente<\/p>\n","protected":false},"featured_media":2194,"comment_status":"open","ping_status":"closed","template":"","meta":{"site-sidebar-layout":"default","site-content-layout":"","ast-site-content-layout":"default","site-content-style":"default","site-sidebar-style":"default","ast-global-header-display":"","ast-banner-title-visibility":"","ast-main-header-display":"","ast-hfb-above-header-display":"","ast-hfb-below-header-display":"","ast-hfb-mobile-header-display":"","site-post-title":"","ast-breadcrumbs-content":"","ast-featured-img":"","footer-sml-layout":"","ast-disable-related-posts":"","theme-transparent-header-meta":"default","adv-header-id-meta":"","stick-header-meta":"","header-above-stick-meta":"","header-main-stick-meta":"","header-below-stick-meta":"","astra-migrate-meta-layouts":"set","ast-page-background-enabled":"default","ast-page-background-meta":{"desktop":{"background-color":"var(--ast-global-color-4)","background-image":"","background-repeat":"repeat","background-position":"center center","background-size":"auto","background-attachment":"scroll","background-type":"","background-media":"","overlay-type":"","overlay-color":"","overlay-opacity":"","overlay-gradient":""},"tablet":{"background-color":"","background-image":"","background-repeat":"repeat","background-position":"center center","background-size":"auto","background-attachment":"scroll","background-type":"","background-media":"","overlay-type":"","overlay-color":"","overlay-opacity":"","overlay-gradient":""},"mobile":{"background-color":"","background-image":"","background-repeat":"repeat","background-position":"center center","background-size":"auto","background-attachment":"scroll","background-type":"","background-media":"","overlay-type":"","overlay-color":"","overlay-opacity":"","overlay-gradient":""}},"ast-content-background-meta":{"desktop":{"background-color":"var(--ast-global-color-5)","background-image":"","background-repeat":"repeat","background-position":"center center","background-size":"auto","background-attachment":"scroll","background-type":"","background-media":"","overlay-type":"","overlay-color":"","overlay-opacity":"","overlay-gradient":""},"tablet":{"background-color":"var(--ast-global-color-5)","background-image":"","background-repeat":"repeat","background-position":"center center","background-size":"auto","background-attachment":"scroll","background-type":"","background-media":"","overlay-type":"","overlay-color":"","overlay-opacity":"","overlay-gradient":""},"mobile":{"background-color":"var(--ast-global-color-5)","background-image":"","background-repeat":"repeat","background-position":"center center","background-size":"auto","background-attachment":"scroll","background-type":"","background-media":"","overlay-type":"","overlay-color":"","overlay-opacity":"","overlay-gradient":""}}},"product_brand":[],"product_cat":[93,98,128,129,130,139,107,209],"product_tag":[195,70,210],"class_list":{"0":"post-2183","1":"product","2":"type-product","3":"status-publish","4":"has-post-thumbnail","6":"product_cat-cubitt","7":"product_cat-mejor-vendidos","8":"product_cat-ofertas","9":"product_cat-s-o","10":"product_cat-sale","11":"product_cat-todos-los-productos","12":"product_cat-todos-los-relojes","13":"product_cat-viva-pro","14":"product_tag-gps","15":"product_tag-reloj","16":"product_tag-vivapro","17":"desktop-align-center","18":"tablet-align-left","19":"mobile-align-left","21":"first","22":"instock","23":"sale","24":"taxable","25":"shipping-taxable","26":"purchasable","27":"product-type-variable","28":"has-default-attributes","29":"rtwpvg-product"},"acf":[],"aioseo_notices":[],"_links":{"self":[{"href":"https:\/\/cubitt.com.ec\/staging\/wp-json\/wp\/v2\/product\/2183","targetHints":{"allow":["GET"]}}],"collection":[{"href":"https:\/\/cubitt.com.ec\/staging\/wp-json\/wp\/v2\/product"}],"about":[{"href":"https:\/\/cubitt.com.ec\/staging\/wp-json\/wp\/v2\/types\/product"}],"replies":[{"embeddable":true,"href":"https:\/\/cubitt.com.ec\/staging\/wp-json\/wp\/v2\/comments?post=2183"}],"wp:featuredmedia":[{"embeddable":true,"href":"https:\/\/cubitt.com.ec\/staging\/wp-json\/wp\/v2\/media\/2194"}],"wp:attachment":[{"href":"https:\/\/cubitt.com.ec\/staging\/wp-json\/wp\/v2\/media?parent=2183"}],"wp:term":[{"taxonomy":"product_brand","embeddable":true,"href":"https:\/\/cubitt.com.ec\/staging\/wp-json\/wp\/v2\/product_brand?post=2183"},{"taxonomy":"product_cat","embeddable":true,"href":"https:\/\/cubitt.com.ec\/staging\/wp-json\/wp\/v2\/product_cat?post=2183"},{"taxonomy":"product_tag","embeddable":true,"href":"https:\/\/cubitt.com.ec\/staging\/wp-json\/wp\/v2\/product_tag?post=2183"}],"curies":[{"name":"wp","href":"https:\/\/api.w.org\/{rel}","templated":true}]}}