{"id":4511,"date":"2026-01-28T19:16:23","date_gmt":"2026-01-28T19:16:23","guid":{"rendered":"https:\/\/cubitt.com.ec\/staging\/?page_id=4511"},"modified":"2026-02-16T21:25:51","modified_gmt":"2026-02-16T21:25:51","slug":"islas-cubitt","status":"publish","type":"page","link":"https:\/\/cubitt.com.ec\/staging\/islas-cubitt\/","title":{"rendered":"Islas Cubitt"},"content":{"rendered":"\t\t<div data-elementor-type=\"wp-page\" data-elementor-id=\"4511\" class=\"elementor elementor-4511\">\n\t\t\t\t<div class=\"elementor-element elementor-element-4d2906ae e-flex e-con-boxed wpr-particle-no wpr-jarallax-no wpr-parallax-no wpr-sticky-section-no e-con e-parent\" data-id=\"4d2906ae\" data-element_type=\"container\">\n\t\t\t\t\t<div class=\"e-con-inner\">\n\t\t\t\t\t<\/div>\n\t\t\t\t<\/div>\n\t\t<div class=\"elementor-element elementor-element-9d789f9 e-flex e-con-boxed wpr-particle-no wpr-jarallax-no wpr-parallax-no wpr-sticky-section-no e-con e-parent\" data-id=\"9d789f9\" data-element_type=\"container\">\n\t\t\t\t\t<div class=\"e-con-inner\">\n\t\t<div class=\"elementor-element elementor-element-400eb6f e-con-full e-flex wpr-particle-no wpr-jarallax-no wpr-parallax-no wpr-sticky-section-no e-con e-child\" data-id=\"400eb6f\" data-element_type=\"container\">\n\t\t\t\t<div class=\"elementor-element elementor-element-a5241e1 elementor-widget elementor-widget-text-editor\" data-id=\"a5241e1\" data-element_type=\"widget\" data-widget_type=\"text-editor.default\">\n\t\t\t\t<div class=\"elementor-widget-container\">\n\t\t\t\t\t\t\t\t\t<p><span class=\"images-scrolling__counter bold\">___01<\/span><\/p><div class=\"prose\"><h2 class=\"h1\">Isla Cubitt<\/h2><h4><a href=\"https:\/\/maps.app.goo.gl\/Bs7T8EJonYVLRpAT9\" target=\"_blank\" rel=\"noopener\"><strong>Riocentro El Dorado, PB, Isla 11 212b, Samborond\u00f3n 170513, Ecuador.<\/strong><\/a><\/h4><p>Ubicado en: C.C. Riocentro El Dorado<\/p><p><strong>Tel\u00e9fono: +593 98 682 9631<\/strong><\/p><p>Horario: <br \/><strong>Lunes a s\u00e1bado: 10:00 am &#8211; 9:00 pm<\/strong><br \/><strong>Domingo. 10:00 am &#8211; 8:00 pm<\/strong><\/p><\/div>\t\t\t\t\t\t\t\t<\/div>\n\t\t\t\t<\/div>\n\t\t\t\t<\/div>\n\t\t<div class=\"elementor-element elementor-element-df8ab2f e-con-full e-flex wpr-particle-no wpr-jarallax-no wpr-parallax-no wpr-sticky-section-no e-con e-child\" data-id=\"df8ab2f\" data-element_type=\"container\">\n\t\t\t\t<div class=\"elementor-element elementor-element-80a202a elementor-widget elementor-widget-image\" data-id=\"80a202a\" data-element_type=\"widget\" data-widget_type=\"image.default\">\n\t\t\t\t<div class=\"elementor-widget-container\">\n\t\t\t\t\t\t\t\t\t\t\t\t\t\t\t<img fetchpriority=\"high\" decoding=\"async\" width=\"768\" height=\"1024\" src=\"https:\/\/cubitt.com.ec\/staging\/wp-content\/uploads\/2026\/01\/Isla-Cubitt-Riocentro-el-dorado-tienda-fisica-768x1024.webp\" class=\"attachment-large size-large wp-image-4514\" alt=\"\" srcset=\"https:\/\/cubitt.com.ec\/staging\/wp-content\/uploads\/2026\/01\/Isla-Cubitt-Riocentro-el-dorado-tienda-fisica-768x1024.webp 768w, https:\/\/cubitt.com.ec\/staging\/wp-content\/uploads\/2026\/01\/Isla-Cubitt-Riocentro-el-dorado-tienda-fisica-225x300.webp 225w, https:\/\/cubitt.com.ec\/staging\/wp-content\/uploads\/2026\/01\/Isla-Cubitt-Riocentro-el-dorado-tienda-fisica-1152x1536.webp 1152w, https:\/\/cubitt.com.ec\/staging\/wp-content\/uploads\/2026\/01\/Isla-Cubitt-Riocentro-el-dorado-tienda-fisica-1536x2048.webp 1536w, https:\/\/cubitt.com.ec\/staging\/wp-content\/uploads\/2026\/01\/Isla-Cubitt-Riocentro-el-dorado-tienda-fisica-300x400.webp 300w, https:\/\/cubitt.com.ec\/staging\/wp-content\/uploads\/2026\/01\/Isla-Cubitt-Riocentro-el-dorado-tienda-fisica-600x800.webp 600w, https:\/\/cubitt.com.ec\/staging\/wp-content\/uploads\/2026\/01\/Isla-Cubitt-Riocentro-el-dorado-tienda-fisica-scaled.webp 1920w\" sizes=\"(max-width: 768px) 100vw, 768px\" \/>\t\t\t\t\t\t\t\t\t\t\t\t\t\t\t<\/div>\n\t\t\t\t<\/div>\n\t\t\t\t<\/div>\n\t\t\t\t\t<\/div>\n\t\t\t\t<\/div>\n\t\t<div class=\"elementor-element elementor-element-69db214 e-flex e-con-boxed wpr-particle-no wpr-jarallax-no wpr-parallax-no wpr-sticky-section-no e-con e-parent\" data-id=\"69db214\" data-element_type=\"container\">\n\t\t\t\t\t<div class=\"e-con-inner\">\n\t\t<div class=\"elementor-element elementor-element-1f0f9c3 e-con-full e-flex wpr-particle-no wpr-jarallax-no wpr-parallax-no wpr-sticky-section-no e-con e-child\" data-id=\"1f0f9c3\" data-element_type=\"container\">\n\t\t\t\t<div class=\"elementor-element elementor-element-8613bc6 elementor-widget elementor-widget-text-editor\" data-id=\"8613bc6\" data-element_type=\"widget\" data-widget_type=\"text-editor.default\">\n\t\t\t\t<div class=\"elementor-widget-container\">\n\t\t\t\t\t\t\t\t\t<p><span class=\"images-scrolling__counter bold\">___02<\/span><\/p><div class=\"prose\"><h2 class=\"h1\">Isla Cubitt<\/h2><h4><a href=\"https:\/\/maps.app.goo.gl\/XeRsKdypHJEhfZQAA\"><strong>Quicentro Shopping, Piso 1, Isla K, Av. Naciones Unidas 01, Quito, Ecuador.<\/strong><\/a><\/h4><p>Ubicado en: Quicentro Shopping<\/p><p><strong>Tel\u00e9fono: +593 99 647 0269<\/strong><\/p><p><strong>Horario: <\/strong><br \/><strong>Lunes a s\u00e1bado: 10:00 am &#8211; 9:00 pm<br \/><\/strong><strong>Domingo. 10:00 am &#8211; 8:00 pm<\/strong><\/p><\/div>\t\t\t\t\t\t\t\t<\/div>\n\t\t\t\t<\/div>\n\t\t\t\t<\/div>\n\t\t<div class=\"elementor-element elementor-element-06d5b4b e-con-full e-flex wpr-particle-no wpr-jarallax-no wpr-parallax-no wpr-sticky-section-no e-con e-child\" data-id=\"06d5b4b\" data-element_type=\"container\">\n\t\t\t\t<div class=\"elementor-element elementor-element-6b3d863 elementor-widget elementor-widget-image\" data-id=\"6b3d863\" data-element_type=\"widget\" data-widget_type=\"image.default\">\n\t\t\t\t<div class=\"elementor-widget-container\">\n\t\t\t\t\t\t\t\t\t\t\t\t\t\t\t<img decoding=\"async\" width=\"768\" height=\"1024\" src=\"https:\/\/cubitt.com.ec\/staging\/wp-content\/uploads\/2026\/01\/IMG_1375-768x1024.webp\" class=\"attachment-large size-large wp-image-4513\" alt=\"islas cubitt ecuador en Rio centro el dorado\" srcset=\"https:\/\/cubitt.com.ec\/staging\/wp-content\/uploads\/2026\/01\/IMG_1375-768x1024.webp 768w, https:\/\/cubitt.com.ec\/staging\/wp-content\/uploads\/2026\/01\/IMG_1375-225x300.webp 225w, https:\/\/cubitt.com.ec\/staging\/wp-content\/uploads\/2026\/01\/IMG_1375-1152x1536.webp 1152w, https:\/\/cubitt.com.ec\/staging\/wp-content\/uploads\/2026\/01\/IMG_1375-1536x2048.webp 1536w, https:\/\/cubitt.com.ec\/staging\/wp-content\/uploads\/2026\/01\/IMG_1375-300x400.webp 300w, https:\/\/cubitt.com.ec\/staging\/wp-content\/uploads\/2026\/01\/IMG_1375-600x800.webp 600w, https:\/\/cubitt.com.ec\/staging\/wp-content\/uploads\/2026\/01\/IMG_1375-scaled.webp 1920w\" sizes=\"(max-width: 768px) 100vw, 768px\" \/>\t\t\t\t\t\t\t\t\t\t\t\t\t\t\t<\/div>\n\t\t\t\t<\/div>\n\t\t\t\t<\/div>\n\t\t\t\t\t<\/div>\n\t\t\t\t<\/div>\n\t\t\t\t<section class=\"elementor-section elementor-top-section elementor-element elementor-element-6f5f5650 elementor-section-boxed elementor-section-height-default elementor-section-height-default wpr-particle-no wpr-jarallax-no wpr-parallax-no wpr-sticky-section-no\" data-id=\"6f5f5650\" data-element_type=\"section\" data-settings=\"{&quot;background_background&quot;:&quot;classic&quot;}\">\n\t\t\t\t\t\t<div class=\"elementor-container elementor-column-gap-default\">\n\t\t\t\t\t<div class=\"elementor-column elementor-col-100 elementor-top-column elementor-element elementor-element-56c1fcd5\" data-id=\"56c1fcd5\" data-element_type=\"column\">\n\t\t\t<div class=\"elementor-widget-wrap elementor-element-populated\">\n\t\t\t\t\t\t<section class=\"elementor-section elementor-inner-section elementor-element elementor-element-3ddfed66 elementor-section-boxed elementor-section-height-default elementor-section-height-default wpr-particle-no wpr-jarallax-no wpr-parallax-no wpr-sticky-section-no\" data-id=\"3ddfed66\" data-element_type=\"section\">\n\t\t\t\t\t\t<div class=\"elementor-container elementor-column-gap-default\">\n\t\t\t\t\t<div class=\"elementor-column elementor-col-33 elementor-inner-column elementor-element elementor-element-fcb8bea\" data-id=\"fcb8bea\" data-element_type=\"column\">\n\t\t\t<div class=\"elementor-widget-wrap elementor-element-populated\">\n\t\t\t\t\t\t<div class=\"elementor-element elementor-element-248426d6 elementor-view-framed elementor-shape-circle elementor-position-block-start elementor-mobile-position-block-start elementor-widget elementor-widget-icon-box\" data-id=\"248426d6\" data-element_type=\"widget\" data-widget_type=\"icon-box.default\">\n\t\t\t\t<div class=\"elementor-widget-container\">\n\t\t\t\t\t\t\t<div class=\"elementor-icon-box-wrapper\">\n\n\t\t\t\t\t\t<div class=\"elementor-icon-box-icon\">\n\t\t\t\t<a href=\"#\" class=\"elementor-icon\" tabindex=\"-1\" aria-label=\"Un futuro m\u00e1s brillante y conectado.\">\n\t\t\t\t<i aria-hidden=\"true\" class=\"far fa-money-bill-alt\"><\/i>\t\t\t\t<\/a>\n\t\t\t<\/div>\n\t\t\t\n\t\t\t\t\t\t<div class=\"elementor-icon-box-content\">\n\n\t\t\t\t\t\t\t\t\t<h4 class=\"elementor-icon-box-title\">\n\t\t\t\t\t\t<a href=\"#\" >\n\t\t\t\t\t\t\tUn futuro m\u00e1s brillante y conectado.\t\t\t\t\t\t<\/a>\n\t\t\t\t\t<\/h4>\n\t\t\t\t\n\t\t\t\t\t\t\t\t\t<p class=\"elementor-icon-box-description\">\n\t\t\t\t\t\tEnv\u00edo gratis en compras de $100+\t\t\t\t\t<\/p>\n\t\t\t\t\n\t\t\t<\/div>\n\t\t\t\n\t\t<\/div>\n\t\t\t\t\t\t<\/div>\n\t\t\t\t<\/div>\n\t\t\t\t\t<\/div>\n\t\t<\/div>\n\t\t\t\t<div class=\"elementor-column elementor-col-33 elementor-inner-column elementor-element elementor-element-3f1e8ecd\" data-id=\"3f1e8ecd\" data-element_type=\"column\">\n\t\t\t<div class=\"elementor-widget-wrap elementor-element-populated\">\n\t\t\t\t\t\t<div class=\"elementor-element elementor-element-5814945b elementor-view-framed elementor-shape-circle elementor-position-block-start elementor-mobile-position-block-start elementor-widget elementor-widget-icon-box\" data-id=\"5814945b\" data-element_type=\"widget\" data-widget_type=\"icon-box.default\">\n\t\t\t\t<div class=\"elementor-widget-container\">\n\t\t\t\t\t\t\t<div class=\"elementor-icon-box-wrapper\">\n\n\t\t\t\t\t\t<div class=\"elementor-icon-box-icon\">\n\t\t\t\t<a href=\"#\" class=\"elementor-icon\" tabindex=\"-1\" aria-label=\"Servicio al cliente\">\n\t\t\t\t<i aria-hidden=\"true\" class=\"far fa-grin-stars\"><\/i>\t\t\t\t<\/a>\n\t\t\t<\/div>\n\t\t\t\n\t\t\t\t\t\t<div class=\"elementor-icon-box-content\">\n\n\t\t\t\t\t\t\t\t\t<h4 class=\"elementor-icon-box-title\">\n\t\t\t\t\t\t<a href=\"#\" >\n\t\t\t\t\t\t\tServicio al cliente\t\t\t\t\t\t<\/a>\n\t\t\t\t\t<\/h4>\n\t\t\t\t\n\t\t\t\t\t\t\t\t\t<p class=\"elementor-icon-box-description\">\n\t\t\t\t\t\tEstamos disponibles de lunes a viernes para responder a tus preguntas.\t\t\t\t\t<\/p>\n\t\t\t\t\n\t\t\t<\/div>\n\t\t\t\n\t\t<\/div>\n\t\t\t\t\t\t<\/div>\n\t\t\t\t<\/div>\n\t\t\t\t\t<\/div>\n\t\t<\/div>\n\t\t\t\t<div class=\"elementor-column elementor-col-33 elementor-inner-column elementor-element elementor-element-558764cf\" data-id=\"558764cf\" data-element_type=\"column\">\n\t\t\t<div class=\"elementor-widget-wrap elementor-element-populated\">\n\t\t\t\t\t\t<div class=\"elementor-element elementor-element-5e23e843 elementor-view-framed elementor-shape-circle elementor-position-block-start elementor-mobile-position-block-start elementor-widget elementor-widget-icon-box\" data-id=\"5e23e843\" data-element_type=\"widget\" data-widget_type=\"icon-box.default\">\n\t\t\t\t<div class=\"elementor-widget-container\">\n\t\t\t\t\t\t\t<div class=\"elementor-icon-box-wrapper\">\n\n\t\t\t\t\t\t<div class=\"elementor-icon-box-icon\">\n\t\t\t\t<a href=\"#\" class=\"elementor-icon\" tabindex=\"-1\" aria-label=\"Pago seguro\">\n\t\t\t\t<i aria-hidden=\"true\" class=\"far fa-credit-card\"><\/i>\t\t\t\t<\/a>\n\t\t\t<\/div>\n\t\t\t\n\t\t\t\t\t\t<div class=\"elementor-icon-box-content\">\n\n\t\t\t\t\t\t\t\t\t<h4 class=\"elementor-icon-box-title\">\n\t\t\t\t\t\t<a href=\"#\" >\n\t\t\t\t\t\t\tPago seguro\t\t\t\t\t\t<\/a>\n\t\t\t\t\t<\/h4>\n\t\t\t\t\n\t\t\t\t\t\t\t\t\t<p class=\"elementor-icon-box-description\">\n\t\t\t\t\t\tTu informaci\u00f3n de pago se procesa de forma segura.\t\t\t\t\t<\/p>\n\t\t\t\t\n\t\t\t<\/div>\n\t\t\t\n\t\t<\/div>\n\t\t\t\t\t\t<\/div>\n\t\t\t\t<\/div>\n\t\t\t\t\t<\/div>\n\t\t<\/div>\n\t\t\t\t\t<\/div>\n\t\t<\/section>\n\t\t\t\t\t<\/div>\n\t\t<\/div>\n\t\t\t\t\t<\/div>\n\t\t<\/section>\n\t\t<footer class=\"elementor-element elementor-element-a73a333 e-flex e-con-boxed wpr-particle-no wpr-jarallax-no wpr-parallax-no wpr-sticky-section-no e-con e-parent\" data-id=\"a73a333\" data-element_type=\"container\">\n\t\t\t\t\t<div class=\"e-con-inner\">\n\t\t<div class=\"elementor-element elementor-element-8e7ee4f e-con-full e-flex wpr-particle-no wpr-jarallax-no wpr-parallax-no wpr-sticky-section-no e-con e-child\" data-id=\"8e7ee4f\" data-element_type=\"container\">\n\t\t\t\t<div class=\"elementor-element elementor-element-0dd1324 elementor-widget elementor-widget-image\" data-id=\"0dd1324\" data-element_type=\"widget\" data-widget_type=\"image.default\">\n\t\t\t\t<div class=\"elementor-widget-container\">\n\t\t\t\t\t\t\t\t\t\t\t\t\t\t\t<img decoding=\"async\" src=\"https:\/\/cubitt.com.ec\/staging\/wp-content\/uploads\/elementor\/thumbs\/logo-qbanp6a0l7p7qhadtcikfz538rh9cqaqddvmuci8yu.png\" title=\"logo\" alt=\"Cubitt Ecuador logo\" loading=\"lazy\" \/>\t\t\t\t\t\t\t\t\t\t\t\t\t\t\t<\/div>\n\t\t\t\t<\/div>\n\t\t\t\t<div class=\"elementor-element elementor-element-e89652d elementor-widget elementor-widget-heading\" data-id=\"e89652d\" data-element_type=\"widget\" data-widget_type=\"heading.default\">\n\t\t\t\t<div class=\"elementor-widget-container\">\n\t\t\t\t\t<h4 class=\"elementor-heading-title elementor-size-default\">\u00a1Reg\u00edstrate para ofertas exclusivas!<\/h4>\t\t\t\t<\/div>\n\t\t\t\t<\/div>\n\t\t\t\t<div class=\"elementor-element elementor-element-4f8bed5 elementor-widget-tablet__width-initial elementor-widget-mobile__width-initial elementor-widget__width-initial wpr-step-type-number_text wpr-step-content-layout-vertical wpr-custom-styles-yes elementor-widget elementor-widget-wpr-form-builder\" data-id=\"4f8bed5\" data-element_type=\"widget\" data-settings=\"{&quot;button_width&quot;:{&quot;unit&quot;:&quot;%&quot;,&quot;size&quot;:40,&quot;sizes&quot;:[]},&quot;button_width_tablet&quot;:{&quot;unit&quot;:&quot;px&quot;,&quot;size&quot;:71,&quot;sizes&quot;:[]},&quot;success_message&quot;:&quot;El e-mail ha sido enviado correctamente&quot;,&quot;error_message&quot;:&quot;Env\\u00edo fallido&quot;,&quot;button_width_mobile&quot;:{&quot;unit&quot;:&quot;px&quot;,&quot;size&quot;:&quot;&quot;,&quot;sizes&quot;:[]},&quot;step_type&quot;:&quot;number_text&quot;,&quot;step_content_layout&quot;:&quot;vertical&quot;}\" data-widget_type=\"wpr-form-builder.default\">\n\t\t\t\t<div class=\"elementor-widget-container\">\n\t\t\t\t\t\t\t<form class=\"wpr-form\" method=\"post\" id=\"formulario_registro_footer\" name=\"Formulario de registro footer\" page=\"Islas Cubitt\" page_id=\"4511\" novalidate>\n\t\t\t<input type=\"hidden\" name=\"post_id\" value=\"4511\"\/>\n\t\t\t<input type=\"hidden\" name=\"form_id\" value=\"4f8bed5\"\/>\n\t\t\t<input type=\"hidden\" name=\"referer_title\" value=\"\" \/>\n\n\t\t\t<div class=\"wpr-step-wrap\"><\/div>\n\t\t\t<div class=\"wpr-form-fields-wrap wpr-labels-above\">\n\t\t\t\t\t\t\t\t\t<div class=\"wpr-form-field-type-email wpr-field-group wpr-column wpr-field-group-email elementor-repeater-item-afdbfbd wpr-form-field-required\">\n\t\t\t\t\t\t<input size=\"1 \"type=\"email\" name=\"form_fields[email]\" id=\"form-field-email\" class=\"wpr-form-field  wpr-form-field-textual\" placeholder=\"Correo electr\u00f3nico\" required=\"required\" aria-required=\"true\">\t\t\t\t\t<\/div>\n\t\t\t\t<div class=\"wpr-field-group wpr-stp-btns-wrap wpr-column wpr-form-field-type-submit\" data-actions=\"[&quot;email&quot;]\" data-redirect-url=\"\" data-mailchimp-fields=\"{&quot;email_field&quot;:&quot;&quot;,&quot;first_name_field&quot;:&quot;&quot;,&quot;last_name_field&quot;:&quot;&quot;,&quot;address_field&quot;:&quot;&quot;,&quot;phone_field&quot;:&quot;&quot;,&quot;birthday_field&quot;:&quot;&quot;,&quot;group_id&quot;:&quot;&quot;}\" data-list-id=\"\">\t\t\t<button type=\"submit\" class=\"wpr-button\">\n\t\t\t\t<span >\n\t\t\t\t\t\t\t\t\t\t\t\t\t\t\t\t<span>Enviar<\/span>\n\t\t\t\t\t\t\t\t\t\t\t\t\t\t<\/span>\t\n\t\t\t\t<div class=\"wpr-double-bounce wpr-loader-hidden\">\n\t\t\t\t\t<div class=\"wpr-child wpr-double-bounce1\"><\/div>\n\t\t\t\t\t<div class=\"wpr-child wpr-double-bounce2\"><\/div>\n\t\t\t\t<\/div>\n\t\t\t<\/button>\n\t\t<\/div>\t\t\t\t\n\t\t\t<\/div>\n\t\t<\/form>\n\t  \t\t\t\t<\/div>\n\t\t\t\t<\/div>\n\t\t\t\t<\/div>\n\t\t<div class=\"elementor-element elementor-element-d09aace e-con-full e-flex wpr-particle-no wpr-jarallax-no wpr-parallax-no wpr-sticky-section-no e-con e-child\" data-id=\"d09aace\" data-element_type=\"container\">\n\t\t\t\t<div class=\"elementor-element elementor-element-456ee5b elementor-widget elementor-widget-text-editor\" data-id=\"456ee5b\" data-element_type=\"widget\" data-widget_type=\"text-editor.default\">\n\t\t\t\t<div class=\"elementor-widget-container\">\n\t\t\t\t\t\t\t\t\t<p class=\"bold\"><strong>WELLNESS CLUB<\/strong><\/p><p><a href=\"https:\/\/cubitt.com.ec\/staging\/wellness-club\/\">Wellness Club<\/a><\/p><p><a href=\"https:\/\/cubitt.com.ec\/staging\/yoga-clandestino\/\">Yoga ClanDestino<\/a><\/p><p><a href=\"https:\/\/cubitt.com.ec\/staging\/the-right-balance\/\">The Right Balance<\/a><\/p><p><a href=\"https:\/\/cubitt.com.ec\/staging\/mas-paz-mental\/\">M\u00e1s Paz Mental<\/a><\/p><p><a href=\"https:\/\/cubitt.com.ec\/staging\/suenos-con-propositos\/\">Sue\u00f1os con Prop\u00f3sitos<\/a><\/p><p><a href=\"https:\/\/cubitt.com.ec\/staging\/guias-de-meditacion-2\/\">Gu\u00edas de Meditaci\u00f3n<\/a><\/p>\t\t\t\t\t\t\t\t<\/div>\n\t\t\t\t<\/div>\n\t\t\t\t<\/div>\n\t\t<div class=\"elementor-element elementor-element-a214186 e-con-full e-flex wpr-particle-no wpr-jarallax-no wpr-parallax-no wpr-sticky-section-no e-con e-child\" data-id=\"a214186\" data-element_type=\"container\">\n\t\t\t\t<div class=\"elementor-element elementor-element-af916e9 elementor-widget elementor-widget-text-editor\" data-id=\"af916e9\" data-element_type=\"widget\" data-widget_type=\"text-editor.default\">\n\t\t\t\t<div class=\"elementor-widget-container\">\n\t\t\t\t\t\t\t\t\t<p class=\"bold\"><strong>LA MARCA<\/strong><\/p><p><a href=\"https:\/\/cubitt.com.ec\/staging\/quienes-somos\/\">\u00bfQui\u00e9nes somos?<\/a><\/p><p><a href=\"https:\/\/cubitt.com.ec\/staging\/comparacion-de-modelos\/\">Comparaci\u00f3n de Modelos<\/a><\/p><p><a href=\"https:\/\/cubitt.com.ec\/staging\/mejores-smartwatches\/\">Mejores Smartwatches<\/a><\/p><p><a href=\"https:\/\/cubitt.com.ec\/staging\/app\/\">Cubitt Pro Apps<\/a><\/p><p><a href=\"https:\/\/cubitt.com.ec\/staging\/islas-cubitt\/\">Islas Cubitt<\/a><\/p>\t\t\t\t\t\t\t\t<\/div>\n\t\t\t\t<\/div>\n\t\t\t\t<\/div>\n\t\t<div class=\"elementor-element elementor-element-8669a31 e-con-full e-flex wpr-particle-no wpr-jarallax-no wpr-parallax-no wpr-sticky-section-no e-con e-child\" data-id=\"8669a31\" data-element_type=\"container\">\n\t\t\t\t<div class=\"elementor-element elementor-element-6c3383c elementor-widget elementor-widget-text-editor\" data-id=\"6c3383c\" data-element_type=\"widget\" data-widget_type=\"text-editor.default\">\n\t\t\t\t<div class=\"elementor-widget-container\">\n\t\t\t\t\t\t\t\t\t<p class=\"bold\"><strong>LEGAL<\/strong><\/p><p><a href=\"https:\/\/cubitt.com.ec\/staging\/politica-de-devolucion-2\/\">Pol\u00edtica de Devoluci\u00f3n<\/a><\/p><p>Ventas al Mayor<\/p><p><a href=\"https:\/\/cubitt.com.ec\/staging\/politicas-de-privacidad\/\">Pol\u00edtica de Privacidad<\/a><\/p><p><a href=\"https:\/\/cubitt.com.ec\/staging\/terminos-del-servicio\/\">T\u00e9rminos de Servicio<\/a><\/p><p><a href=\"https:\/\/cubitt.com.ec\/staging\/politicas-de-privacidad\/\">Pol\u00edticas de Env\u00edo<\/a><\/p>\t\t\t\t\t\t\t\t<\/div>\n\t\t\t\t<\/div>\n\t\t\t\t<\/div>\n\t\t<div class=\"elementor-element elementor-element-9c9412b e-con-full e-flex wpr-particle-no wpr-jarallax-no wpr-parallax-no wpr-sticky-section-no e-con e-child\" data-id=\"9c9412b\" data-element_type=\"container\">\n\t\t\t\t<div class=\"elementor-element elementor-element-3e6da39 elementor-widget elementor-widget-text-editor\" data-id=\"3e6da39\" data-element_type=\"widget\" data-widget_type=\"text-editor.default\">\n\t\t\t\t<div class=\"elementor-widget-container\">\n\t\t\t\t\t\t\t\t\t<p class=\"bold\"><strong>SOPORTE<\/strong><\/p><p><a href=\"https:\/\/cubitt.com.ec\/staging\/contacto\/\">Contacto<\/a><\/p><p><a href=\"https:\/\/cubitt.com.ec\/staging\/garantia\/\">Garant\u00eda<\/a><\/p><p><a href=\"https:\/\/cubitt.com.ec\/staging\/manuales\/\">Manuales<\/a><\/p><p><a href=\"https:\/\/cubitt.com.ec\/staging\/desgaste-y-cuidado\/\">Desgaste y cuidado<\/a><\/p><p><a href=\"https:\/\/cubitt.com.ec\/staging\/faq\/\">Preguntas Frecuentes<\/a><\/p><p><a href=\"https:\/\/cubitt.com.ec\/staging\/strava\/\">Strava<\/a><\/p>\t\t\t\t\t\t\t\t<\/div>\n\t\t\t\t<\/div>\n\t\t\t\t<\/div>\n\t\t\t\t\t<\/div>\n\t\t\t\t<\/footer>\n\t\t\t\t<\/div>\n\t\t","protected":false},"excerpt":{"rendered":"<p>___01 Isla Cubitt Riocentro El Dorado, PB, Isla 11 212b, Samborond\u00f3n 170513, Ecuador. Ubicado en: C.C. Riocentro El Dorado Tel\u00e9fono: +593 98 682 9631 Horario: Lunes a s\u00e1bado: 10:00 am &#8211; 9:00 pmDomingo. 10:00 am &#8211; 8:00 pm ___02 Isla Cubitt Quicentro Shopping, Piso 1, Isla K, Av. Naciones Unidas 01, Quito, Ecuador. Ubicado en: Quicentro Shopping Tel\u00e9fono: +593 99 647 0269 Horario: Lunes a s\u00e1bado: 10:00 am &#8211; 9:00 pmDomingo. 10:00 am &#8211; 8:00 pm Un futuro m\u00e1s brillante y conectado. Env\u00edo gratis en compras de $100+ Servicio al cliente Estamos disponibles de lunes a viernes para responder a tus preguntas. Pago seguro Tu informaci\u00f3n de pago se procesa de forma segura. \u00a1Reg\u00edstrate para ofertas exclusivas! Enviar WELLNESS CLUB Wellness Club Yoga ClanDestino The Right Balance M\u00e1s Paz Mental Sue\u00f1os con Prop\u00f3sitos Gu\u00edas de Meditaci\u00f3n LA MARCA \u00bfQui\u00e9nes somos? Comparaci\u00f3n de Modelos Mejores Smartwatches Cubitt Pro Apps Islas Cubitt LEGAL Pol\u00edtica de Devoluci\u00f3n Ventas al Mayor Pol\u00edtica de Privacidad T\u00e9rminos de Servicio Pol\u00edticas de Env\u00edo SOPORTE Contacto Garant\u00eda Manuales Desgaste y cuidado Preguntas Frecuentes Strava<\/p>\n","protected":false},"author":1,"featured_media":0,"parent":0,"menu_order":0,"comment_status":"closed","ping_status":"closed","template":"elementor_header_footer","meta":{"site-sidebar-layout":"no-sidebar","site-content-layout":"page-builder","ast-site-content-layout":"default","site-content-style":"default","site-sidebar-style":"default","ast-global-header-display":"","ast-banner-title-visibility":"","ast-main-header-display":"","ast-hfb-above-header-display":"","ast-hfb-below-header-display":"","ast-hfb-mobile-header-display":"","site-post-title":"disabled","ast-breadcrumbs-content":"","ast-featured-img":"disabled","footer-sml-layout":"","ast-disable-related-posts":"","theme-transparent-header-meta":"","adv-header-id-meta":"","stick-header-meta":"","header-above-stick-meta":"","header-main-stick-meta":"","header-below-stick-meta":"","astra-migrate-meta-layouts":"default","ast-page-background-enabled":"default","ast-page-background-meta":{"desktop":{"background-color":"var(--ast-global-color-4)","background-image":"","background-repeat":"repeat","background-position":"center center","background-size":"auto","background-attachment":"scroll","background-type":"","background-media":"","overlay-type":"","overlay-color":"","overlay-opacity":"","overlay-gradient":""},"tablet":{"background-color":"","background-image":"","background-repeat":"repeat","background-position":"center center","background-size":"auto","background-attachment":"scroll","background-type":"","background-media":"","overlay-type":"","overlay-color":"","overlay-opacity":"","overlay-gradient":""},"mobile":{"background-color":"","background-image":"","background-repeat":"repeat","background-position":"center center","background-size":"auto","background-attachment":"scroll","background-type":"","background-media":"","overlay-type":"","overlay-color":"","overlay-opacity":"","overlay-gradient":""}},"ast-content-background-meta":{"desktop":{"background-color":"var(--ast-global-color-5)","background-image":"","background-repeat":"repeat","background-position":"center center","background-size":"auto","background-attachment":"scroll","background-type":"","background-media":"","overlay-type":"","overlay-color":"","overlay-opacity":"","overlay-gradient":""},"tablet":{"background-color":"var(--ast-global-color-5)","background-image":"","background-repeat":"repeat","background-position":"center center","background-size":"auto","background-attachment":"scroll","background-type":"","background-media":"","overlay-type":"","overlay-color":"","overlay-opacity":"","overlay-gradient":""},"mobile":{"background-color":"var(--ast-global-color-5)","background-image":"","background-repeat":"repeat","background-position":"center center","background-size":"auto","background-attachment":"scroll","background-type":"","background-media":"","overlay-type":"","overlay-color":"","overlay-opacity":"","overlay-gradient":""}},"footnotes":""},"class_list":["post-4511","page","type-page","status-publish","hentry"],"acf":[],"aioseo_notices":[],"_links":{"self":[{"href":"https:\/\/cubitt.com.ec\/staging\/wp-json\/wp\/v2\/pages\/4511","targetHints":{"allow":["GET"]}}],"collection":[{"href":"https:\/\/cubitt.com.ec\/staging\/wp-json\/wp\/v2\/pages"}],"about":[{"href":"https:\/\/cubitt.com.ec\/staging\/wp-json\/wp\/v2\/types\/page"}],"author":[{"embeddable":true,"href":"https:\/\/cubitt.com.ec\/staging\/wp-json\/wp\/v2\/users\/1"}],"replies":[{"embeddable":true,"href":"https:\/\/cubitt.com.ec\/staging\/wp-json\/wp\/v2\/comments?post=4511"}],"version-history":[{"count":28,"href":"https:\/\/cubitt.com.ec\/staging\/wp-json\/wp\/v2\/pages\/4511\/revisions"}],"predecessor-version":[{"id":5040,"href":"https:\/\/cubitt.com.ec\/staging\/wp-json\/wp\/v2\/pages\/4511\/revisions\/5040"}],"wp:attachment":[{"href":"https:\/\/cubitt.com.ec\/staging\/wp-json\/wp\/v2\/media?parent=4511"}],"curies":[{"name":"wp","href":"https:\/\/api.w.org\/{rel}","templated":true}]}}