{"id":4416,"date":"2026-01-27T13:46:33","date_gmt":"2026-01-27T13:46:33","guid":{"rendered":"https:\/\/cubitt.com.ec\/staging\/?page_id=4416"},"modified":"2026-02-16T21:06:45","modified_gmt":"2026-02-16T21:06:45","slug":"desgaste-y-cuidado","status":"publish","type":"page","link":"https:\/\/cubitt.com.ec\/staging\/desgaste-y-cuidado\/","title":{"rendered":"Desgaste y cuidado"},"content":{"rendered":"\t\t<div data-elementor-type=\"wp-page\" data-elementor-id=\"4416\" class=\"elementor elementor-4416\">\n\t\t\t\t<div class=\"elementor-element elementor-element-3d3118d e-flex e-con-boxed wpr-particle-no wpr-jarallax-no wpr-parallax-no wpr-sticky-section-no e-con e-parent\" data-id=\"3d3118d\" data-element_type=\"container\" data-settings=\"{&quot;background_background&quot;:&quot;classic&quot;}\">\n\t\t\t\t\t<div class=\"e-con-inner\">\n\t\t\t\t<div class=\"elementor-element elementor-element-c36c5aa elementor-widget__width-initial elementor-widget-mobile__width-initial elementor-widget elementor-widget-text-editor\" data-id=\"c36c5aa\" data-element_type=\"widget\" data-widget_type=\"text-editor.default\">\n\t\t\t\t<div class=\"elementor-widget-container\">\n\t\t\t\t\t\t\t\t\t<div data-page-id=\"EexAdjoLfojX1ixhcXKlehLIgAb\" data-lark-html-role=\"root\" data-docx-has-block-data=\"false\"><div class=\"ace-line ace-line old-record-id-QgLvdL0fToT2n1xr97VluORVg3e\"><h4><strong>Queremos que disfrutes de tu CubittSports Watch, as\u00ed que te animamos a revisar las sugerencias a continuaci\u00f3n. Cont\u00e1ctanos aqu\u00ed si tienes alguna pregunta sobre el uso y\/o cuidado que no se aborde a continuaci\u00f3n.\u00a0<\/strong><\/h4><p>Los relojes inteligentes CubittSmart est\u00e1n dise\u00f1ados para el trabajo o el ocio. \u00a1Disfruta de tu reloj!<\/p><ul><li>Limpia regularmente tu mu\u00f1eca y el reloj inteligente CubittSmart, especialmente despu\u00e9s de sudar durante el ejercicio o estar expuesto a sustancias como jab\u00f3n o detergente que pueden adherirse al lado interno del reloj.<\/li><li>NO laves el reloj inteligente con un limpiador dom\u00e9stico. Utiliza un detergente sin jab\u00f3n, enjuaga bien y s\u00e9calo con una toalla o pa\u00f1uelo suave.<\/li><li>Aunque ambos modelos de relojes inteligentes Cubitt son resistentes al agua, llevar una correa mojada no es bueno para tu piel. Si tu correa deportiva se moja, por ejemplo, despu\u00e9s de sudar o ducharte, l\u00edmpiala y s\u00e9cala completamente antes de volver a pon\u00e9rtela en la mu\u00f1eca.<\/li><li>Aseg\u00farate de que tu piel est\u00e9 seca antes de volver a poner la correa.<\/li><li>Evita que tu dispositivo entre en contacto con objetos afilados, ya que esto podr\u00eda causar ara\u00f1azos y otros da\u00f1os.<\/li><li>Para las correas de colores claros, minimiza el contacto directo con ropa de colores oscuros, ya que puede producirse transferencia de color.<\/li><\/ul><\/div><\/div>\t\t\t\t\t\t\t\t<\/div>\n\t\t\t\t<\/div>\n\t\t\t\t\t<\/div>\n\t\t\t\t<\/div>\n\t\t\t\t<section class=\"elementor-section elementor-top-section elementor-element elementor-element-79bda87 elementor-section-boxed elementor-section-height-default elementor-section-height-default wpr-particle-no wpr-jarallax-no wpr-parallax-no wpr-sticky-section-no\" data-id=\"79bda87\" data-element_type=\"section\" data-settings=\"{&quot;background_background&quot;:&quot;classic&quot;}\">\n\t\t\t\t\t\t<div class=\"elementor-container elementor-column-gap-default\">\n\t\t\t\t\t<div class=\"elementor-column elementor-col-100 elementor-top-column elementor-element elementor-element-b9e62f5\" data-id=\"b9e62f5\" data-element_type=\"column\">\n\t\t\t<div class=\"elementor-widget-wrap elementor-element-populated\">\n\t\t\t\t\t\t<section class=\"elementor-section elementor-inner-section elementor-element elementor-element-5d5e253 elementor-section-boxed elementor-section-height-default elementor-section-height-default wpr-particle-no wpr-jarallax-no wpr-parallax-no wpr-sticky-section-no\" data-id=\"5d5e253\" data-element_type=\"section\">\n\t\t\t\t\t\t<div class=\"elementor-container elementor-column-gap-default\">\n\t\t\t\t\t<div class=\"elementor-column elementor-col-33 elementor-inner-column elementor-element elementor-element-6bd8c11\" data-id=\"6bd8c11\" data-element_type=\"column\">\n\t\t\t<div class=\"elementor-widget-wrap elementor-element-populated\">\n\t\t\t\t\t\t<div class=\"elementor-element elementor-element-a565032 elementor-view-framed elementor-shape-circle elementor-position-block-start elementor-mobile-position-block-start elementor-widget elementor-widget-icon-box\" data-id=\"a565032\" data-element_type=\"widget\" data-widget_type=\"icon-box.default\">\n\t\t\t\t<div class=\"elementor-widget-container\">\n\t\t\t\t\t\t\t<div class=\"elementor-icon-box-wrapper\">\n\n\t\t\t\t\t\t<div class=\"elementor-icon-box-icon\">\n\t\t\t\t<a href=\"#\" class=\"elementor-icon\" tabindex=\"-1\" aria-label=\"Un futuro m\u00e1s brillante y conectado.\">\n\t\t\t\t<i aria-hidden=\"true\" class=\"far fa-money-bill-alt\"><\/i>\t\t\t\t<\/a>\n\t\t\t<\/div>\n\t\t\t\n\t\t\t\t\t\t<div class=\"elementor-icon-box-content\">\n\n\t\t\t\t\t\t\t\t\t<h4 class=\"elementor-icon-box-title\">\n\t\t\t\t\t\t<a href=\"#\" >\n\t\t\t\t\t\t\tUn futuro m\u00e1s brillante y conectado.\t\t\t\t\t\t<\/a>\n\t\t\t\t\t<\/h4>\n\t\t\t\t\n\t\t\t\t\t\t\t\t\t<p class=\"elementor-icon-box-description\">\n\t\t\t\t\t\tEnv\u00edo gratis en compras de $100+\t\t\t\t\t<\/p>\n\t\t\t\t\n\t\t\t<\/div>\n\t\t\t\n\t\t<\/div>\n\t\t\t\t\t\t<\/div>\n\t\t\t\t<\/div>\n\t\t\t\t\t<\/div>\n\t\t<\/div>\n\t\t\t\t<div class=\"elementor-column elementor-col-33 elementor-inner-column elementor-element elementor-element-382e13e\" data-id=\"382e13e\" data-element_type=\"column\">\n\t\t\t<div class=\"elementor-widget-wrap elementor-element-populated\">\n\t\t\t\t\t\t<div class=\"elementor-element elementor-element-c7284eb elementor-view-framed elementor-shape-circle elementor-position-block-start elementor-mobile-position-block-start elementor-widget elementor-widget-icon-box\" data-id=\"c7284eb\" data-element_type=\"widget\" data-widget_type=\"icon-box.default\">\n\t\t\t\t<div class=\"elementor-widget-container\">\n\t\t\t\t\t\t\t<div class=\"elementor-icon-box-wrapper\">\n\n\t\t\t\t\t\t<div class=\"elementor-icon-box-icon\">\n\t\t\t\t<a href=\"#\" class=\"elementor-icon\" tabindex=\"-1\" aria-label=\"Servicio al cliente\">\n\t\t\t\t<i aria-hidden=\"true\" class=\"far fa-grin-stars\"><\/i>\t\t\t\t<\/a>\n\t\t\t<\/div>\n\t\t\t\n\t\t\t\t\t\t<div class=\"elementor-icon-box-content\">\n\n\t\t\t\t\t\t\t\t\t<h4 class=\"elementor-icon-box-title\">\n\t\t\t\t\t\t<a href=\"#\" >\n\t\t\t\t\t\t\tServicio al cliente\t\t\t\t\t\t<\/a>\n\t\t\t\t\t<\/h4>\n\t\t\t\t\n\t\t\t\t\t\t\t\t\t<p class=\"elementor-icon-box-description\">\n\t\t\t\t\t\tEstamos disponibles de lunes a viernes para responder a tus preguntas.\t\t\t\t\t<\/p>\n\t\t\t\t\n\t\t\t<\/div>\n\t\t\t\n\t\t<\/div>\n\t\t\t\t\t\t<\/div>\n\t\t\t\t<\/div>\n\t\t\t\t\t<\/div>\n\t\t<\/div>\n\t\t\t\t<div class=\"elementor-column elementor-col-33 elementor-inner-column elementor-element elementor-element-3d86378\" data-id=\"3d86378\" data-element_type=\"column\">\n\t\t\t<div class=\"elementor-widget-wrap elementor-element-populated\">\n\t\t\t\t\t\t<div class=\"elementor-element elementor-element-5f469d4 elementor-view-framed elementor-shape-circle elementor-position-block-start elementor-mobile-position-block-start elementor-widget elementor-widget-icon-box\" data-id=\"5f469d4\" data-element_type=\"widget\" data-widget_type=\"icon-box.default\">\n\t\t\t\t<div class=\"elementor-widget-container\">\n\t\t\t\t\t\t\t<div class=\"elementor-icon-box-wrapper\">\n\n\t\t\t\t\t\t<div class=\"elementor-icon-box-icon\">\n\t\t\t\t<a href=\"#\" class=\"elementor-icon\" tabindex=\"-1\" aria-label=\"Pago seguro\">\n\t\t\t\t<i aria-hidden=\"true\" class=\"far fa-credit-card\"><\/i>\t\t\t\t<\/a>\n\t\t\t<\/div>\n\t\t\t\n\t\t\t\t\t\t<div class=\"elementor-icon-box-content\">\n\n\t\t\t\t\t\t\t\t\t<h4 class=\"elementor-icon-box-title\">\n\t\t\t\t\t\t<a href=\"#\" >\n\t\t\t\t\t\t\tPago seguro\t\t\t\t\t\t<\/a>\n\t\t\t\t\t<\/h4>\n\t\t\t\t\n\t\t\t\t\t\t\t\t\t<p class=\"elementor-icon-box-description\">\n\t\t\t\t\t\tTu informaci\u00f3n de pago se procesa de forma segura.\t\t\t\t\t<\/p>\n\t\t\t\t\n\t\t\t<\/div>\n\t\t\t\n\t\t<\/div>\n\t\t\t\t\t\t<\/div>\n\t\t\t\t<\/div>\n\t\t\t\t\t<\/div>\n\t\t<\/div>\n\t\t\t\t\t<\/div>\n\t\t<\/section>\n\t\t\t\t\t<\/div>\n\t\t<\/div>\n\t\t\t\t\t<\/div>\n\t\t<\/section>\n\t\t<footer class=\"elementor-element elementor-element-47413ad e-flex e-con-boxed wpr-particle-no wpr-jarallax-no wpr-parallax-no wpr-sticky-section-no e-con e-parent\" data-id=\"47413ad\" data-element_type=\"container\">\n\t\t\t\t\t<div class=\"e-con-inner\">\n\t\t<div class=\"elementor-element elementor-element-333a2c8 e-con-full e-flex wpr-particle-no wpr-jarallax-no wpr-parallax-no wpr-sticky-section-no e-con e-child\" data-id=\"333a2c8\" data-element_type=\"container\">\n\t\t\t\t<div class=\"elementor-element elementor-element-60e9b82 elementor-widget elementor-widget-image\" data-id=\"60e9b82\" data-element_type=\"widget\" data-widget_type=\"image.default\">\n\t\t\t\t<div class=\"elementor-widget-container\">\n\t\t\t\t\t\t\t\t\t\t\t\t\t\t\t<img decoding=\"async\" src=\"https:\/\/cubitt.com.ec\/staging\/wp-content\/uploads\/elementor\/thumbs\/logo-qbanp6a0l7p7qhadtcikfz538rh9cqaqddvmuci8yu.png\" title=\"logo\" alt=\"Cubitt Ecuador logo\" loading=\"lazy\" \/>\t\t\t\t\t\t\t\t\t\t\t\t\t\t\t<\/div>\n\t\t\t\t<\/div>\n\t\t\t\t<div class=\"elementor-element elementor-element-688c3a7 elementor-widget elementor-widget-heading\" data-id=\"688c3a7\" data-element_type=\"widget\" data-widget_type=\"heading.default\">\n\t\t\t\t<div class=\"elementor-widget-container\">\n\t\t\t\t\t<h4 class=\"elementor-heading-title elementor-size-default\">\u00a1Reg\u00edstrate para ofertas exclusivas!<\/h4>\t\t\t\t<\/div>\n\t\t\t\t<\/div>\n\t\t\t\t<div class=\"elementor-element elementor-element-ce5c4f8 elementor-widget-tablet__width-initial elementor-widget-mobile__width-initial elementor-widget__width-initial wpr-step-type-number_text wpr-step-content-layout-vertical wpr-custom-styles-yes elementor-widget elementor-widget-wpr-form-builder\" data-id=\"ce5c4f8\" data-element_type=\"widget\" data-settings=\"{&quot;button_width&quot;:{&quot;unit&quot;:&quot;%&quot;,&quot;size&quot;:40,&quot;sizes&quot;:[]},&quot;button_width_tablet&quot;:{&quot;unit&quot;:&quot;px&quot;,&quot;size&quot;:71,&quot;sizes&quot;:[]},&quot;success_message&quot;:&quot;El e-mail ha sido enviado correctamente&quot;,&quot;error_message&quot;:&quot;Env\\u00edo fallido&quot;,&quot;button_width_mobile&quot;:{&quot;unit&quot;:&quot;px&quot;,&quot;size&quot;:&quot;&quot;,&quot;sizes&quot;:[]},&quot;step_type&quot;:&quot;number_text&quot;,&quot;step_content_layout&quot;:&quot;vertical&quot;}\" data-widget_type=\"wpr-form-builder.default\">\n\t\t\t\t<div class=\"elementor-widget-container\">\n\t\t\t\t\t\t\t<form class=\"wpr-form\" method=\"post\" id=\"formulario_registro_footer\" name=\"Formulario de registro footer\" page=\"Desgaste y cuidado\" page_id=\"4416\" novalidate>\n\t\t\t<input type=\"hidden\" name=\"post_id\" value=\"4416\"\/>\n\t\t\t<input type=\"hidden\" name=\"form_id\" value=\"ce5c4f8\"\/>\n\t\t\t<input type=\"hidden\" name=\"referer_title\" value=\"\" \/>\n\n\t\t\t<div class=\"wpr-step-wrap\"><\/div>\n\t\t\t<div class=\"wpr-form-fields-wrap wpr-labels-above\">\n\t\t\t\t\t\t\t\t\t<div class=\"wpr-form-field-type-email wpr-field-group wpr-column wpr-field-group-email elementor-repeater-item-afdbfbd wpr-form-field-required\">\n\t\t\t\t\t\t<input size=\"1 \"type=\"email\" name=\"form_fields[email]\" id=\"form-field-email\" class=\"wpr-form-field  wpr-form-field-textual\" placeholder=\"Correo electr\u00f3nico\" required=\"required\" aria-required=\"true\">\t\t\t\t\t<\/div>\n\t\t\t\t<div class=\"wpr-field-group wpr-stp-btns-wrap wpr-column wpr-form-field-type-submit\" data-actions=\"[&quot;email&quot;]\" data-redirect-url=\"\" data-mailchimp-fields=\"{&quot;email_field&quot;:&quot;&quot;,&quot;first_name_field&quot;:&quot;&quot;,&quot;last_name_field&quot;:&quot;&quot;,&quot;address_field&quot;:&quot;&quot;,&quot;phone_field&quot;:&quot;&quot;,&quot;birthday_field&quot;:&quot;&quot;,&quot;group_id&quot;:&quot;&quot;}\" data-list-id=\"\">\t\t\t<button type=\"submit\" class=\"wpr-button\">\n\t\t\t\t<span >\n\t\t\t\t\t\t\t\t\t\t\t\t\t\t\t\t<span>Enviar<\/span>\n\t\t\t\t\t\t\t\t\t\t\t\t\t\t<\/span>\t\n\t\t\t\t<div class=\"wpr-double-bounce wpr-loader-hidden\">\n\t\t\t\t\t<div class=\"wpr-child wpr-double-bounce1\"><\/div>\n\t\t\t\t\t<div class=\"wpr-child wpr-double-bounce2\"><\/div>\n\t\t\t\t<\/div>\n\t\t\t<\/button>\n\t\t<\/div>\t\t\t\t\n\t\t\t<\/div>\n\t\t<\/form>\n\t  \t\t\t\t<\/div>\n\t\t\t\t<\/div>\n\t\t\t\t<\/div>\n\t\t<div class=\"elementor-element elementor-element-4c6b89d e-con-full e-flex wpr-particle-no wpr-jarallax-no wpr-parallax-no wpr-sticky-section-no e-con e-child\" data-id=\"4c6b89d\" data-element_type=\"container\">\n\t\t\t\t<div class=\"elementor-element elementor-element-cba5c49 elementor-widget elementor-widget-text-editor\" data-id=\"cba5c49\" data-element_type=\"widget\" data-widget_type=\"text-editor.default\">\n\t\t\t\t<div class=\"elementor-widget-container\">\n\t\t\t\t\t\t\t\t\t<p class=\"bold\"><strong>WELLNESS CLUB<\/strong><\/p><p><a href=\"https:\/\/cubitt.com.ec\/staging\/wellness-club\/\">Wellness Club<\/a><\/p><p><a href=\"https:\/\/cubitt.com.ec\/staging\/yoga-clandestino\/\">Yoga ClanDestino<\/a><\/p><p><a href=\"https:\/\/cubitt.com.ec\/staging\/the-right-balance\/\">The Right Balance<\/a><\/p><p><a href=\"https:\/\/cubitt.com.ec\/staging\/mas-paz-mental\/\">M\u00e1s Paz Mental<\/a><\/p><p><a href=\"https:\/\/cubitt.com.ec\/staging\/suenos-con-propositos\/\">Sue\u00f1os con Prop\u00f3sitos<\/a><\/p><p><a href=\"https:\/\/cubitt.com.ec\/staging\/guias-de-meditacion-2\/\">Gu\u00edas de Meditaci\u00f3n<\/a><\/p>\t\t\t\t\t\t\t\t<\/div>\n\t\t\t\t<\/div>\n\t\t\t\t<\/div>\n\t\t<div class=\"elementor-element elementor-element-abfdfe5 e-con-full e-flex wpr-particle-no wpr-jarallax-no wpr-parallax-no wpr-sticky-section-no e-con e-child\" data-id=\"abfdfe5\" data-element_type=\"container\">\n\t\t\t\t<div class=\"elementor-element elementor-element-d0bcb56 elementor-widget elementor-widget-text-editor\" data-id=\"d0bcb56\" data-element_type=\"widget\" data-widget_type=\"text-editor.default\">\n\t\t\t\t<div class=\"elementor-widget-container\">\n\t\t\t\t\t\t\t\t\t<p class=\"bold\"><strong>LA MARCA<\/strong><\/p><p><a href=\"https:\/\/cubitt.com.ec\/staging\/quienes-somos\/\">\u00bfQui\u00e9nes somos?<\/a><\/p><p><a href=\"https:\/\/cubitt.com.ec\/staging\/comparacion-de-modelos\/\">Comparaci\u00f3n de Modelos<\/a><\/p><p><a href=\"https:\/\/cubitt.com.ec\/staging\/mejores-smartwatches\/\">Mejores Smartwatches<\/a><\/p><p><a href=\"https:\/\/cubitt.com.ec\/staging\/app\/\">Cubitt Pro Apps<\/a><\/p><p><a href=\"https:\/\/cubitt.com.ec\/staging\/islas-cubitt\/\">Islas Cubitt<\/a><\/p>\t\t\t\t\t\t\t\t<\/div>\n\t\t\t\t<\/div>\n\t\t\t\t<\/div>\n\t\t<div class=\"elementor-element elementor-element-6f49042 e-con-full e-flex wpr-particle-no wpr-jarallax-no wpr-parallax-no wpr-sticky-section-no e-con e-child\" data-id=\"6f49042\" data-element_type=\"container\">\n\t\t\t\t<div class=\"elementor-element elementor-element-2236693 elementor-widget elementor-widget-text-editor\" data-id=\"2236693\" data-element_type=\"widget\" data-widget_type=\"text-editor.default\">\n\t\t\t\t<div class=\"elementor-widget-container\">\n\t\t\t\t\t\t\t\t\t<p class=\"bold\"><strong>LEGAL<\/strong><\/p><p><a href=\"https:\/\/cubitt.com.ec\/staging\/politica-de-devolucion-2\/\">Pol\u00edtica de Devoluci\u00f3n<\/a><\/p><p>Ventas al Mayor<\/p><p><a href=\"https:\/\/cubitt.com.ec\/staging\/politicas-de-privacidad\/\">Pol\u00edtica de Privacidad<\/a><\/p><p><a href=\"https:\/\/cubitt.com.ec\/staging\/terminos-del-servicio\/\">T\u00e9rminos de Servicio<\/a><\/p><p><a href=\"https:\/\/cubitt.com.ec\/staging\/politica-de-envio\/\">Pol\u00edtica de Env\u00edo<\/a><\/p>\t\t\t\t\t\t\t\t<\/div>\n\t\t\t\t<\/div>\n\t\t\t\t<\/div>\n\t\t<div class=\"elementor-element elementor-element-10445ab e-con-full e-flex wpr-particle-no wpr-jarallax-no wpr-parallax-no wpr-sticky-section-no e-con e-child\" data-id=\"10445ab\" data-element_type=\"container\">\n\t\t\t\t<div class=\"elementor-element elementor-element-1fda585 elementor-widget elementor-widget-text-editor\" data-id=\"1fda585\" data-element_type=\"widget\" data-widget_type=\"text-editor.default\">\n\t\t\t\t<div class=\"elementor-widget-container\">\n\t\t\t\t\t\t\t\t\t<p class=\"bold\"><strong>SOPORTE<\/strong><\/p><p><a href=\"https:\/\/cubitt.com.ec\/staging\/contacto\/\">Contacto<\/a><\/p><p><a href=\"https:\/\/cubitt.com.ec\/staging\/garantia\/\">Garant\u00eda<\/a><\/p><p><a href=\"https:\/\/cubitt.com.ec\/staging\/manuales\/\">Manuales<\/a><\/p><p><a href=\"https:\/\/cubitt.com.ec\/staging\/desgaste-y-cuidado\/\">Desgaste y cuidado<\/a><\/p><p><a href=\"https:\/\/cubitt.com.ec\/staging\/faq\/\">Preguntas Frecuentes<\/a><\/p><p><a href=\"https:\/\/cubitt.com.ec\/staging\/strava\/\">Strava<\/a><\/p>\t\t\t\t\t\t\t\t<\/div>\n\t\t\t\t<\/div>\n\t\t\t\t<\/div>\n\t\t\t\t\t<\/div>\n\t\t\t\t<\/footer>\n\t\t\t\t<\/div>\n\t\t","protected":false},"excerpt":{"rendered":"<p>Queremos que disfrutes de tu CubittSports Watch, as\u00ed que te animamos a revisar las sugerencias a continuaci\u00f3n. Cont\u00e1ctanos aqu\u00ed si tienes alguna pregunta sobre el uso y\/o cuidado que no se aborde a continuaci\u00f3n.\u00a0 Los relojes inteligentes CubittSmart est\u00e1n dise\u00f1ados para el trabajo o el ocio. \u00a1Disfruta de tu reloj! Limpia regularmente tu mu\u00f1eca y el reloj inteligente CubittSmart, especialmente despu\u00e9s de sudar durante el ejercicio o estar expuesto a sustancias como jab\u00f3n o detergente que pueden adherirse al lado interno del reloj. NO laves el reloj inteligente con un limpiador dom\u00e9stico. Utiliza un detergente sin jab\u00f3n, enjuaga bien y s\u00e9calo con una toalla o pa\u00f1uelo suave. Aunque ambos modelos de relojes inteligentes Cubitt son resistentes al agua, llevar una correa mojada no es bueno para tu piel. Si tu correa deportiva se moja, por ejemplo, despu\u00e9s de sudar o ducharte, l\u00edmpiala y s\u00e9cala completamente antes de volver a pon\u00e9rtela en la mu\u00f1eca. Aseg\u00farate de que tu piel est\u00e9 seca antes de volver a poner la correa. Evita que tu dispositivo entre en contacto con objetos afilados, ya que esto podr\u00eda causar ara\u00f1azos y otros da\u00f1os. Para las correas de colores claros, minimiza el contacto directo con ropa de colores oscuros, ya que puede producirse transferencia de color. Un futuro m\u00e1s brillante y conectado. Env\u00edo gratis en compras de $100+ Servicio al cliente Estamos disponibles de lunes a viernes para responder a tus preguntas. Pago seguro Tu informaci\u00f3n de pago se procesa de forma segura. \u00a1Reg\u00edstrate para ofertas exclusivas! Enviar WELLNESS CLUB Wellness Club Yoga ClanDestino The Right Balance M\u00e1s Paz Mental Sue\u00f1os con Prop\u00f3sitos Gu\u00edas de Meditaci\u00f3n LA MARCA \u00bfQui\u00e9nes somos? Comparaci\u00f3n de Modelos Mejores Smartwatches Cubitt Pro Apps Islas Cubitt LEGAL Pol\u00edtica de Devoluci\u00f3n Ventas al Mayor Pol\u00edtica de Privacidad T\u00e9rminos de Servicio Pol\u00edtica de Env\u00edo SOPORTE Contacto Garant\u00eda Manuales Desgaste y cuidado Preguntas Frecuentes Strava<\/p>\n","protected":false},"author":1,"featured_media":0,"parent":0,"menu_order":0,"comment_status":"closed","ping_status":"closed","template":"elementor_header_footer","meta":{"site-sidebar-layout":"no-sidebar","site-content-layout":"","ast-site-content-layout":"full-width-container","site-content-style":"default","site-sidebar-style":"default","ast-global-header-display":"","ast-banner-title-visibility":"","ast-main-header-display":"","ast-hfb-above-header-display":"","ast-hfb-below-header-display":"","ast-hfb-mobile-header-display":"","site-post-title":"disabled","ast-breadcrumbs-content":"","ast-featured-img":"disabled","footer-sml-layout":"","ast-disable-related-posts":"","theme-transparent-header-meta":"","adv-header-id-meta":"","stick-header-meta":"","header-above-stick-meta":"","header-main-stick-meta":"","header-below-stick-meta":"","astra-migrate-meta-layouts":"default","ast-page-background-enabled":"default","ast-page-background-meta":{"desktop":{"background-color":"var(--ast-global-color-4)","background-image":"","background-repeat":"repeat","background-position":"center center","background-size":"auto","background-attachment":"scroll","background-type":"","background-media":"","overlay-type":"","overlay-color":"","overlay-opacity":"","overlay-gradient":""},"tablet":{"background-color":"","background-image":"","background-repeat":"repeat","background-position":"center center","background-size":"auto","background-attachment":"scroll","background-type":"","background-media":"","overlay-type":"","overlay-color":"","overlay-opacity":"","overlay-gradient":""},"mobile":{"background-color":"","background-image":"","background-repeat":"repeat","background-position":"center center","background-size":"auto","background-attachment":"scroll","background-type":"","background-media":"","overlay-type":"","overlay-color":"","overlay-opacity":"","overlay-gradient":""}},"ast-content-background-meta":{"desktop":{"background-color":"var(--ast-global-color-5)","background-image":"","background-repeat":"repeat","background-position":"center center","background-size":"auto","background-attachment":"scroll","background-type":"","background-media":"","overlay-type":"","overlay-color":"","overlay-opacity":"","overlay-gradient":""},"tablet":{"background-color":"var(--ast-global-color-5)","background-image":"","background-repeat":"repeat","background-position":"center center","background-size":"auto","background-attachment":"scroll","background-type":"","background-media":"","overlay-type":"","overlay-color":"","overlay-opacity":"","overlay-gradient":""},"mobile":{"background-color":"var(--ast-global-color-5)","background-image":"","background-repeat":"repeat","background-position":"center center","background-size":"auto","background-attachment":"scroll","background-type":"","background-media":"","overlay-type":"","overlay-color":"","overlay-opacity":"","overlay-gradient":""}},"footnotes":""},"class_list":["post-4416","page","type-page","status-publish","hentry"],"acf":[],"aioseo_notices":[],"_links":{"self":[{"href":"https:\/\/cubitt.com.ec\/staging\/wp-json\/wp\/v2\/pages\/4416","targetHints":{"allow":["GET"]}}],"collection":[{"href":"https:\/\/cubitt.com.ec\/staging\/wp-json\/wp\/v2\/pages"}],"about":[{"href":"https:\/\/cubitt.com.ec\/staging\/wp-json\/wp\/v2\/types\/page"}],"author":[{"embeddable":true,"href":"https:\/\/cubitt.com.ec\/staging\/wp-json\/wp\/v2\/users\/1"}],"replies":[{"embeddable":true,"href":"https:\/\/cubitt.com.ec\/staging\/wp-json\/wp\/v2\/comments?post=4416"}],"version-history":[{"count":22,"href":"https:\/\/cubitt.com.ec\/staging\/wp-json\/wp\/v2\/pages\/4416\/revisions"}],"predecessor-version":[{"id":5025,"href":"https:\/\/cubitt.com.ec\/staging\/wp-json\/wp\/v2\/pages\/4416\/revisions\/5025"}],"wp:attachment":[{"href":"https:\/\/cubitt.com.ec\/staging\/wp-json\/wp\/v2\/media?parent=4416"}],"curies":[{"name":"wp","href":"https:\/\/api.w.org\/{rel}","templated":true}]}}