{"id":4291,"date":"2026-01-26T15:33:10","date_gmt":"2026-01-26T15:33:10","guid":{"rendered":"https:\/\/cubitt.com.ec\/staging\/?page_id=4291"},"modified":"2026-03-17T14:59:26","modified_gmt":"2026-03-17T14:59:26","slug":"contacto","status":"publish","type":"page","link":"https:\/\/cubitt.com.ec\/staging\/contacto\/","title":{"rendered":"Contacto"},"content":{"rendered":"\t\t<div data-elementor-type=\"wp-page\" data-elementor-id=\"4291\" class=\"elementor elementor-4291\">\n\t\t\t\t<div class=\"elementor-element elementor-element-fb8d73e e-flex e-con-boxed wpr-particle-no wpr-jarallax-no wpr-parallax-no wpr-sticky-section-no e-con e-parent\" data-id=\"fb8d73e\" data-element_type=\"container\">\n\t\t\t\t\t<div class=\"e-con-inner\">\n\t\t<div class=\"elementor-element elementor-element-583d5a6 e-con-full e-flex wpr-particle-no wpr-jarallax-no wpr-parallax-no wpr-sticky-section-no e-con e-child\" data-id=\"583d5a6\" data-element_type=\"container\">\n\t\t\t\t<div class=\"elementor-element elementor-element-5b9ebbc elementor-widget__width-initial elementor-widget-tablet__width-initial elementor-widget elementor-widget-text-editor\" data-id=\"5b9ebbc\" data-element_type=\"widget\" data-widget_type=\"text-editor.default\">\n\t\t\t\t<div class=\"elementor-widget-container\">\n\t\t\t\t\t\t\t\t\t<p class=\"bold\">Ponte en contacto con nosotros<\/p><h2 class=\"h2\">\u00bfTienes alguna pregunta?<\/h2><p>Por favor, visita nuestra p\u00e1gina\u00a0<a href=\"https:\/\/cubitt.com.ec\/staging\/faq\/\" target=\"_blank\" rel=\"noopener\">Preguntas Frecuentes<\/a>\u00a0para obtener respuestas r\u00e1pidas a preguntas comunes.<\/p>\t\t\t\t\t\t\t\t<\/div>\n\t\t\t\t<\/div>\n\t\t\t\t<\/div>\n\t\t<div class=\"elementor-element elementor-element-2f36828 e-con-full e-flex wpr-particle-no wpr-jarallax-no wpr-parallax-no wpr-sticky-section-no e-con e-child\" data-id=\"2f36828\" data-element_type=\"container\" data-settings=\"{&quot;background_background&quot;:&quot;classic&quot;}\">\n\t\t\t\t<div class=\"elementor-element elementor-element-75798a5 elementor-widget elementor-widget-tp-plus-form\" data-id=\"75798a5\" data-element_type=\"widget\" data-widget_type=\"tp-plus-form.default\">\n\t\t\t\t<div class=\"elementor-widget-container\">\n\t\t\t\t\t<div class=\"tpae-form-container\" data-formdata=\"{&quot;form_id&quot;:&quot;tpae-form-main&quot;,&quot;Required_mask&quot;:&quot;hide-asterisks&quot;,&quot;invalid_form&quot;:&quot;Invalid form! Please check it again.&quot;,&quot;required_fields&quot;:&quot;This field is required.&quot;,&quot;form_error&quot;:&quot;There was an error in submitting the form.&quot;,&quot;success_message&quot;:&quot;Form Submitted Successfully&quot;,&quot;server_error&quot;:&quot;A server error occurred.&quot;}\" data-emaildata=\"&quot;yUWMAgL6CslhEqIdqEMWsMDd2sQbvFCjhiTouquRRhxVh__aJD-GuSR6vc6URMKMpxMaglwHf6C56Vy-ZTGevqo0uDZ0OWHEumktCmEkaTlLn9Bpco5TY7UFRTK5wfTOVxztZkOr35hjRdQ4eg8nVZIQHlpejPqdXFAzCpn-1jLI9NptU-wbp1wtbRhtkL4D6eJMtVv8W9KdY69Y4rpxFaZeyZTKhbV2kWICR04zPaU3h_HbA7-LwMkT38pOiKCv3_uu7NjyxRVsScpsUEy69Vhu07LaPMPu7KSHmtQrNVHFHJ3rP0cS0PWhaTRCN4WCT89aJWitIhWle6AzfnvLI6pRh_QJ6yo-8731G4UAe-B0d4azsJrZmwOP7j0_BGiV7612SY_oDFIXsO3Y2g&quot;\" ><style> .elementor-element-75798a5 .tpae-form-submit-container{ width:100%!important } <\/style><form id=\"tpae-form-main\" class=\"tpae-form\" method=\"post\"><div class=\"tpae-form-field\" data-width=\"\" data-tablet-width=\"\" data-mobile-width=\"\"> <input type=\"text\" name=\"first_name\" id=\"first_name\" placeholder=\"Nombre\" required class=\"medium\" value=\"\" aria-description=\"\"\/><span class=\"tpae-help-text\"><\/span><\/div><div class=\"tpae-form-field\" data-width=\"\" data-tablet-width=\"\" data-mobile-width=\"\"> <input type=\"email\" name=\"email\" id=\"email\" placeholder=\"Correo electr\u00f3nico\" required class=\"medium\" value=\"\" aria-description=\"\"\/><span class=\"tpae-help-text\"><\/span><\/div><div class=\"tpae-form-field\" data-width=\"100\" data-tablet-width=\"\" data-mobile-width=\"\"> <input type=\"text\" name=\"mobile_number\" id=\"mobile_number\" placeholder=\"N\u00famero de tel\u00e9fono\"  class=\"medium\" value=\"\" aria-description=\"\"\/><span class=\"tpae-help-text\"><\/span><\/div><div class=\"tpae-form-field\" data-width=\"\" data-tablet-width=\"\" data-mobile-width=\"\"> <select name=\"message\" id=\"message\" class=\"medium\" required><option value=\"Preguntas relacionadas con pedidos\">Preguntas relacionadas con pedidos<\/option><option value=\"Devoluciones\">Devoluciones<\/option><option value=\"Garant\u00eda\">Garant\u00eda<\/option><option value=\"Preguntas sobre productos\">Preguntas sobre productos<\/option><option value=\"Pedidos y preocupaciones\">Pedidos y preocupaciones<\/option><option value=\"Otros\">Otros<\/option><option value=\"\"><\/option><\/select><\/div><div class=\"tpae-form-field\" data-width=\"\" data-tablet-width=\"\" data-mobile-width=\"\"> <textarea name=\"tab_69fa5d20dc094\" rows=\"4\" id=\"tab_69fa5d20dc094\" placeholder=\"Mensaje\" required class=\"medium\"aria-description=\"\"><\/textarea><\/div><div class=\"tpae-form-submit-container\"><button id=\"tpae-form-button\" type=\"submit\" class=\"tpae-form-submit tpae-form-button tpae-icon-after\"><span class=\"tpae-button-text\">Enviar mensaje  <\/span><span class=\"tpae-button-loader\" style=\"display:none;\"><span class=\"tpae-spinner\"><\/span><\/span><\/button><\/div><\/form><\/div>\t\t\t\t<\/div>\n\t\t\t\t<\/div>\n\t\t\t\t<\/div>\n\t\t\t\t\t<\/div>\n\t\t\t\t<\/div>\n\t\t\t\t<section class=\"elementor-section elementor-top-section elementor-element elementor-element-5524e1d elementor-section-full_width elementor-section-stretched elementor-section-height-default elementor-section-height-default wpr-particle-no wpr-jarallax-no wpr-parallax-no wpr-sticky-section-no\" data-id=\"5524e1d\" data-element_type=\"section\" data-settings=\"{&quot;background_background&quot;:&quot;classic&quot;,&quot;stretch_section&quot;:&quot;section-stretched&quot;}\">\n\t\t\t\t\t\t<div class=\"elementor-container elementor-column-gap-default\">\n\t\t\t\t\t<div class=\"elementor-column elementor-col-100 elementor-top-column elementor-element elementor-element-4b9b42f\" data-id=\"4b9b42f\" data-element_type=\"column\">\n\t\t\t<div class=\"elementor-widget-wrap elementor-element-populated\">\n\t\t\t\t\t\t<section class=\"elementor-section elementor-inner-section elementor-element elementor-element-e74c2dd elementor-section-boxed elementor-section-height-default elementor-section-height-default wpr-particle-no wpr-jarallax-no wpr-parallax-no wpr-sticky-section-no\" data-id=\"e74c2dd\" data-element_type=\"section\">\n\t\t\t\t\t\t<div class=\"elementor-container elementor-column-gap-default\">\n\t\t\t\t\t<div class=\"elementor-column elementor-col-33 elementor-inner-column elementor-element elementor-element-dace398\" data-id=\"dace398\" data-element_type=\"column\">\n\t\t\t<div class=\"elementor-widget-wrap elementor-element-populated\">\n\t\t\t\t\t\t<div class=\"elementor-element elementor-element-736788f elementor-view-framed elementor-shape-circle elementor-position-block-start elementor-mobile-position-block-start elementor-widget elementor-widget-icon-box\" data-id=\"736788f\" data-element_type=\"widget\" data-widget_type=\"icon-box.default\">\n\t\t\t\t<div class=\"elementor-widget-container\">\n\t\t\t\t\t\t\t<div class=\"elementor-icon-box-wrapper\">\n\n\t\t\t\t\t\t<div class=\"elementor-icon-box-icon\">\n\t\t\t\t<a href=\"#\" class=\"elementor-icon\" tabindex=\"-1\" aria-label=\"Env\u00edo gratis\">\n\t\t\t\t<i aria-hidden=\"true\" class=\"far fa-money-bill-alt\"><\/i>\t\t\t\t<\/a>\n\t\t\t<\/div>\n\t\t\t\n\t\t\t\t\t\t<div class=\"elementor-icon-box-content\">\n\n\t\t\t\t\t\t\t\t\t<h4 class=\"elementor-icon-box-title\">\n\t\t\t\t\t\t<a href=\"#\" >\n\t\t\t\t\t\t\tEnv\u00edo gratis\t\t\t\t\t\t<\/a>\n\t\t\t\t\t<\/h4>\n\t\t\t\t\n\t\t\t\t\t\t\t\t\t<p class=\"elementor-icon-box-description\">\n\t\t\t\t\t\tEnv\u00edo gratis en compras de $100+\t\t\t\t\t<\/p>\n\t\t\t\t\n\t\t\t<\/div>\n\t\t\t\n\t\t<\/div>\n\t\t\t\t\t\t<\/div>\n\t\t\t\t<\/div>\n\t\t\t\t\t<\/div>\n\t\t<\/div>\n\t\t\t\t<div class=\"elementor-column elementor-col-33 elementor-inner-column elementor-element elementor-element-8a535de\" data-id=\"8a535de\" data-element_type=\"column\">\n\t\t\t<div class=\"elementor-widget-wrap elementor-element-populated\">\n\t\t\t\t\t\t<div class=\"elementor-element elementor-element-a092bb0 elementor-view-framed elementor-shape-circle elementor-position-block-start elementor-mobile-position-block-start elementor-widget elementor-widget-icon-box\" data-id=\"a092bb0\" data-element_type=\"widget\" data-widget_type=\"icon-box.default\">\n\t\t\t\t<div class=\"elementor-widget-container\">\n\t\t\t\t\t\t\t<div class=\"elementor-icon-box-wrapper\">\n\n\t\t\t\t\t\t<div class=\"elementor-icon-box-icon\">\n\t\t\t\t<a href=\"#\" class=\"elementor-icon\" tabindex=\"-1\" aria-label=\"Servicio al cliente\">\n\t\t\t\t<i aria-hidden=\"true\" class=\"far fa-grin-stars\"><\/i>\t\t\t\t<\/a>\n\t\t\t<\/div>\n\t\t\t\n\t\t\t\t\t\t<div class=\"elementor-icon-box-content\">\n\n\t\t\t\t\t\t\t\t\t<h4 class=\"elementor-icon-box-title\">\n\t\t\t\t\t\t<a href=\"#\" >\n\t\t\t\t\t\t\tServicio al cliente\t\t\t\t\t\t<\/a>\n\t\t\t\t\t<\/h4>\n\t\t\t\t\n\t\t\t\t\t\t\t\t\t<p class=\"elementor-icon-box-description\">\n\t\t\t\t\t\tEstamos disponibles de lunes a viernes para responder a tus preguntas.\t\t\t\t\t<\/p>\n\t\t\t\t\n\t\t\t<\/div>\n\t\t\t\n\t\t<\/div>\n\t\t\t\t\t\t<\/div>\n\t\t\t\t<\/div>\n\t\t\t\t\t<\/div>\n\t\t<\/div>\n\t\t\t\t<div class=\"elementor-column elementor-col-33 elementor-inner-column elementor-element elementor-element-8112512\" data-id=\"8112512\" data-element_type=\"column\">\n\t\t\t<div class=\"elementor-widget-wrap elementor-element-populated\">\n\t\t\t\t\t\t<div class=\"elementor-element elementor-element-27d22d6 elementor-view-framed elementor-shape-circle elementor-position-block-start elementor-mobile-position-block-start elementor-widget elementor-widget-icon-box\" data-id=\"27d22d6\" data-element_type=\"widget\" data-widget_type=\"icon-box.default\">\n\t\t\t\t<div class=\"elementor-widget-container\">\n\t\t\t\t\t\t\t<div class=\"elementor-icon-box-wrapper\">\n\n\t\t\t\t\t\t<div class=\"elementor-icon-box-icon\">\n\t\t\t\t<a href=\"#\" class=\"elementor-icon\" tabindex=\"-1\" aria-label=\"Pago seguro\">\n\t\t\t\t<i aria-hidden=\"true\" class=\"far fa-credit-card\"><\/i>\t\t\t\t<\/a>\n\t\t\t<\/div>\n\t\t\t\n\t\t\t\t\t\t<div class=\"elementor-icon-box-content\">\n\n\t\t\t\t\t\t\t\t\t<h4 class=\"elementor-icon-box-title\">\n\t\t\t\t\t\t<a href=\"#\" >\n\t\t\t\t\t\t\tPago seguro\t\t\t\t\t\t<\/a>\n\t\t\t\t\t<\/h4>\n\t\t\t\t\n\t\t\t\t\t\t\t\t\t<p class=\"elementor-icon-box-description\">\n\t\t\t\t\t\tTu informaci\u00f3n de pago se procesa de forma segura.\t\t\t\t\t<\/p>\n\t\t\t\t\n\t\t\t<\/div>\n\t\t\t\n\t\t<\/div>\n\t\t\t\t\t\t<\/div>\n\t\t\t\t<\/div>\n\t\t\t\t\t<\/div>\n\t\t<\/div>\n\t\t\t\t\t<\/div>\n\t\t<\/section>\n\t\t\t\t\t<\/div>\n\t\t<\/div>\n\t\t\t\t\t<\/div>\n\t\t<\/section>\n\t\t<div class=\"elementor-element elementor-element-4902dca e-flex e-con-boxed wpr-particle-no wpr-jarallax-no wpr-parallax-no wpr-sticky-section-no e-con e-parent\" data-id=\"4902dca\" data-element_type=\"container\">\n\t\t\t\t\t<div class=\"e-con-inner\">\n\t\t\t\t\t<\/div>\n\t\t\t\t<\/div>\n\t\t<footer class=\"elementor-element elementor-element-8d36488 e-flex e-con-boxed wpr-particle-no wpr-jarallax-no wpr-parallax-no wpr-sticky-section-no e-con e-parent\" data-id=\"8d36488\" data-element_type=\"container\">\n\t\t\t\t\t<div class=\"e-con-inner\">\n\t\t<div class=\"elementor-element elementor-element-5454cba e-con-full e-flex wpr-particle-no wpr-jarallax-no wpr-parallax-no wpr-sticky-section-no e-con e-child\" data-id=\"5454cba\" data-element_type=\"container\">\n\t\t\t\t<div class=\"elementor-element elementor-element-57b4432 elementor-widget elementor-widget-image\" data-id=\"57b4432\" data-element_type=\"widget\" data-widget_type=\"image.default\">\n\t\t\t\t<div class=\"elementor-widget-container\">\n\t\t\t\t\t\t\t\t\t\t\t\t\t\t\t<img decoding=\"async\" src=\"https:\/\/cubitt.com.ec\/staging\/wp-content\/uploads\/elementor\/thumbs\/logo-qbanp6a0l7p7qhadtcikfz538rh9cqaqddvmuci8yu.png\" title=\"logo\" alt=\"Cubitt Ecuador logo\" loading=\"lazy\" \/>\t\t\t\t\t\t\t\t\t\t\t\t\t\t\t<\/div>\n\t\t\t\t<\/div>\n\t\t\t\t<div class=\"elementor-element elementor-element-366ae27 elementor-widget elementor-widget-heading\" data-id=\"366ae27\" data-element_type=\"widget\" data-widget_type=\"heading.default\">\n\t\t\t\t<div class=\"elementor-widget-container\">\n\t\t\t\t\t<h4 class=\"elementor-heading-title elementor-size-default\">\u00a1Reg\u00edstrate para ofertas exclusivas!<\/h4>\t\t\t\t<\/div>\n\t\t\t\t<\/div>\n\t\t\t\t<div class=\"elementor-element elementor-element-be31733 elementor-widget-tablet__width-initial elementor-widget-mobile__width-initial elementor-widget__width-initial wpr-step-type-number_text wpr-step-content-layout-vertical wpr-custom-styles-yes elementor-widget elementor-widget-wpr-form-builder\" data-id=\"be31733\" data-element_type=\"widget\" data-settings=\"{&quot;button_width&quot;:{&quot;unit&quot;:&quot;%&quot;,&quot;size&quot;:40,&quot;sizes&quot;:[]},&quot;button_width_tablet&quot;:{&quot;unit&quot;:&quot;px&quot;,&quot;size&quot;:71,&quot;sizes&quot;:[]},&quot;success_message&quot;:&quot;El e-mail ha sido enviado correctamente&quot;,&quot;error_message&quot;:&quot;Env\\u00edo fallido&quot;,&quot;button_width_mobile&quot;:{&quot;unit&quot;:&quot;px&quot;,&quot;size&quot;:&quot;&quot;,&quot;sizes&quot;:[]},&quot;step_type&quot;:&quot;number_text&quot;,&quot;step_content_layout&quot;:&quot;vertical&quot;}\" data-widget_type=\"wpr-form-builder.default\">\n\t\t\t\t<div class=\"elementor-widget-container\">\n\t\t\t\t\t\t\t<form class=\"wpr-form\" method=\"post\" id=\"formulario_registro_footer\" name=\"Formulario de registro footer\" page=\"Contacto\" page_id=\"4291\" novalidate>\n\t\t\t<input type=\"hidden\" name=\"post_id\" value=\"4291\"\/>\n\t\t\t<input type=\"hidden\" name=\"form_id\" value=\"be31733\"\/>\n\t\t\t<input type=\"hidden\" name=\"referer_title\" value=\"\" \/>\n\n\t\t\t<div class=\"wpr-step-wrap\"><\/div>\n\t\t\t<div class=\"wpr-form-fields-wrap wpr-labels-above\">\n\t\t\t\t\t\t\t\t\t<div class=\"wpr-form-field-type-email wpr-field-group wpr-column wpr-field-group-email elementor-repeater-item-afdbfbd wpr-form-field-required\">\n\t\t\t\t\t\t<input size=\"1 \"type=\"email\" name=\"form_fields[email]\" id=\"form-field-email\" class=\"wpr-form-field  wpr-form-field-textual\" placeholder=\"Correo electr\u00f3nico\" required=\"required\" aria-required=\"true\">\t\t\t\t\t<\/div>\n\t\t\t\t<div class=\"wpr-field-group wpr-stp-btns-wrap wpr-column wpr-form-field-type-submit\" data-actions=\"[&quot;email&quot;]\" data-redirect-url=\"\" data-mailchimp-fields=\"{&quot;email_field&quot;:&quot;&quot;,&quot;first_name_field&quot;:&quot;&quot;,&quot;last_name_field&quot;:&quot;&quot;,&quot;address_field&quot;:&quot;&quot;,&quot;phone_field&quot;:&quot;&quot;,&quot;birthday_field&quot;:&quot;&quot;,&quot;group_id&quot;:&quot;&quot;}\" data-list-id=\"\">\t\t\t<button type=\"submit\" class=\"wpr-button\">\n\t\t\t\t<span >\n\t\t\t\t\t\t\t\t\t\t\t\t\t\t\t\t<span>Enviar<\/span>\n\t\t\t\t\t\t\t\t\t\t\t\t\t\t<\/span>\t\n\t\t\t\t<div class=\"wpr-double-bounce wpr-loader-hidden\">\n\t\t\t\t\t<div class=\"wpr-child wpr-double-bounce1\"><\/div>\n\t\t\t\t\t<div class=\"wpr-child wpr-double-bounce2\"><\/div>\n\t\t\t\t<\/div>\n\t\t\t<\/button>\n\t\t<\/div>\t\t\t\t\n\t\t\t<\/div>\n\t\t<\/form>\n\t  \t\t\t\t<\/div>\n\t\t\t\t<\/div>\n\t\t\t\t<\/div>\n\t\t<div class=\"elementor-element elementor-element-d748145 e-con-full e-flex wpr-particle-no wpr-jarallax-no wpr-parallax-no wpr-sticky-section-no e-con e-child\" data-id=\"d748145\" data-element_type=\"container\">\n\t\t\t\t<div class=\"elementor-element elementor-element-1636cc0 elementor-widget elementor-widget-text-editor\" data-id=\"1636cc0\" data-element_type=\"widget\" data-widget_type=\"text-editor.default\">\n\t\t\t\t<div class=\"elementor-widget-container\">\n\t\t\t\t\t\t\t\t\t<p class=\"bold\"><strong>WELLNESS CLUB<\/strong><\/p><p><a href=\"https:\/\/cubitt.com.ec\/staging\/wellness-club\/\">Wellness Club<\/a><\/p><p><a href=\"https:\/\/cubitt.com.ec\/staging\/yoga-clandestino\/\">Yoga ClanDestino<\/a><\/p><p><a href=\"https:\/\/cubitt.com.ec\/staging\/the-right-balance\/\">The Right Balance<\/a><\/p><p><a href=\"https:\/\/cubitt.com.ec\/staging\/mas-paz-mental\/\">M\u00e1s Paz Mental<\/a><\/p><p><a href=\"https:\/\/cubitt.com.ec\/staging\/suenos-con-propositos\/\">Sue\u00f1os con Prop\u00f3sitos<\/a><\/p><p><a href=\"https:\/\/cubitt.com.ec\/staging\/guias-de-meditacion-2\/\">Gu\u00edas de Meditaci\u00f3n<\/a><\/p>\t\t\t\t\t\t\t\t<\/div>\n\t\t\t\t<\/div>\n\t\t\t\t<\/div>\n\t\t<div class=\"elementor-element elementor-element-88924f5 e-con-full e-flex wpr-particle-no wpr-jarallax-no wpr-parallax-no wpr-sticky-section-no e-con e-child\" data-id=\"88924f5\" data-element_type=\"container\">\n\t\t\t\t<div class=\"elementor-element elementor-element-e34f10e elementor-widget elementor-widget-text-editor\" data-id=\"e34f10e\" data-element_type=\"widget\" data-widget_type=\"text-editor.default\">\n\t\t\t\t<div class=\"elementor-widget-container\">\n\t\t\t\t\t\t\t\t\t<p class=\"bold\"><strong>LA MARCA<\/strong><\/p><p><a href=\"https:\/\/cubitt.com.ec\/staging\/quienes-somos\/\">\u00bfQui\u00e9nes somos?<\/a><\/p><p><a href=\"https:\/\/cubitt.com.ec\/staging\/comparacion-de-modelos\/\">Comparaci\u00f3n de Modelos<\/a><\/p><p><a href=\"https:\/\/cubitt.com.ec\/staging\/mejores-smartwatches\/\">Mejores Smartwatches<\/a><\/p><p><a href=\"https:\/\/cubitt.com.ec\/staging\/app\/\">Cubitt Pro Apps<\/a><\/p><p><a href=\"https:\/\/cubitt.com.ec\/staging\/islas-cubitt\/\">Islas Cubitt<\/a><\/p>\t\t\t\t\t\t\t\t<\/div>\n\t\t\t\t<\/div>\n\t\t\t\t<\/div>\n\t\t<div class=\"elementor-element elementor-element-53335c1 e-con-full e-flex wpr-particle-no wpr-jarallax-no wpr-parallax-no wpr-sticky-section-no e-con e-child\" data-id=\"53335c1\" data-element_type=\"container\">\n\t\t\t\t<div class=\"elementor-element elementor-element-a98aed9 elementor-widget elementor-widget-text-editor\" data-id=\"a98aed9\" data-element_type=\"widget\" data-widget_type=\"text-editor.default\">\n\t\t\t\t<div class=\"elementor-widget-container\">\n\t\t\t\t\t\t\t\t\t<p class=\"bold\"><strong>LEGAL<\/strong><\/p><p><a href=\"https:\/\/cubitt.com.ec\/staging\/politica-de-devolucion-2\/\">Pol\u00edtica de Devoluci\u00f3n<\/a><\/p><p>Ventas al Mayor<\/p><p><a href=\"https:\/\/cubitt.com.ec\/staging\/politicas-de-privacidad\/\">Pol\u00edtica de Privacidad<\/a><\/p><p><a href=\"https:\/\/cubitt.com.ec\/staging\/terminos-del-servicio\/\">T\u00e9rminos de Servicio<\/a><\/p><p><a href=\"https:\/\/cubitt.com.ec\/staging\/politica-de-envio\/\">Pol\u00edticas de Env\u00edo<\/a><\/p>\t\t\t\t\t\t\t\t<\/div>\n\t\t\t\t<\/div>\n\t\t\t\t<\/div>\n\t\t<div class=\"elementor-element elementor-element-394c3e4 e-con-full e-flex wpr-particle-no wpr-jarallax-no wpr-parallax-no wpr-sticky-section-no e-con e-child\" data-id=\"394c3e4\" data-element_type=\"container\">\n\t\t\t\t<div class=\"elementor-element elementor-element-0e1dc4f elementor-widget elementor-widget-text-editor\" data-id=\"0e1dc4f\" data-element_type=\"widget\" data-widget_type=\"text-editor.default\">\n\t\t\t\t<div class=\"elementor-widget-container\">\n\t\t\t\t\t\t\t\t\t<p class=\"bold\"><strong>SOPORTE<\/strong><\/p><p><a href=\"https:\/\/cubitt.com.ec\/staging\/contacto\/\">Contacto<\/a><\/p><p><a href=\"https:\/\/cubitt.com.ec\/staging\/garantia\/\">Garant\u00eda<\/a><\/p><p><a href=\"https:\/\/cubitt.com.ec\/staging\/manuales\/\">Manuales<\/a><\/p><p><a href=\"https:\/\/cubitt.com.ec\/staging\/desgaste-y-cuidado\/\">Desgaste y cuidado<\/a><\/p><p><a href=\"https:\/\/cubitt.com.ec\/staging\/faq\/\">Preguntas Frecuentes<\/a><\/p><p><a href=\"https:\/\/cubitt.com.ec\/staging\/strava\/\">Strava<\/a><\/p>\t\t\t\t\t\t\t\t<\/div>\n\t\t\t\t<\/div>\n\t\t\t\t<\/div>\n\t\t\t\t\t<\/div>\n\t\t\t\t<\/footer>\n\t\t\t\t<\/div>\n\t\t","protected":false},"excerpt":{"rendered":"<p>Ponte en contacto con nosotros \u00bfTienes alguna pregunta? Por favor, visita nuestra p\u00e1gina\u00a0Preguntas Frecuentes\u00a0para obtener respuestas r\u00e1pidas a preguntas comunes. Preguntas relacionadas con pedidosDevolucionesGarant\u00edaPreguntas sobre productosPedidos y preocupacionesOtros Enviar mensaje Env\u00edo gratis Env\u00edo gratis en compras de $100+ Servicio al cliente Estamos disponibles de lunes a viernes para responder a tus preguntas. Pago seguro Tu informaci\u00f3n de pago se procesa de forma segura. \u00a1Reg\u00edstrate para ofertas exclusivas! Enviar WELLNESS CLUB Wellness Club Yoga ClanDestino The Right Balance M\u00e1s Paz Mental Sue\u00f1os con Prop\u00f3sitos Gu\u00edas de Meditaci\u00f3n LA MARCA \u00bfQui\u00e9nes somos? Comparaci\u00f3n de Modelos Mejores Smartwatches Cubitt Pro Apps Islas Cubitt LEGAL Pol\u00edtica de Devoluci\u00f3n Ventas al Mayor Pol\u00edtica de Privacidad T\u00e9rminos de Servicio Pol\u00edticas de Env\u00edo SOPORTE Contacto Garant\u00eda Manuales Desgaste y cuidado Preguntas Frecuentes Strava<\/p>\n","protected":false},"author":1,"featured_media":0,"parent":0,"menu_order":0,"comment_status":"closed","ping_status":"closed","template":"","meta":{"site-sidebar-layout":"no-sidebar","site-content-layout":"","ast-site-content-layout":"full-width-container","site-content-style":"default","site-sidebar-style":"default","ast-global-header-display":"","ast-banner-title-visibility":"","ast-main-header-display":"","ast-hfb-above-header-display":"","ast-hfb-below-header-display":"","ast-hfb-mobile-header-display":"","site-post-title":"","ast-breadcrumbs-content":"","ast-featured-img":"disabled","footer-sml-layout":"","ast-disable-related-posts":"","theme-transparent-header-meta":"","adv-header-id-meta":"","stick-header-meta":"","header-above-stick-meta":"","header-main-stick-meta":"","header-below-stick-meta":"","astra-migrate-meta-layouts":"default","ast-page-background-enabled":"default","ast-page-background-meta":{"desktop":{"background-color":"var(--ast-global-color-4)","background-image":"","background-repeat":"repeat","background-position":"center center","background-size":"auto","background-attachment":"scroll","background-type":"","background-media":"","overlay-type":"","overlay-color":"","overlay-opacity":"","overlay-gradient":""},"tablet":{"background-color":"","background-image":"","background-repeat":"repeat","background-position":"center center","background-size":"auto","background-attachment":"scroll","background-type":"","background-media":"","overlay-type":"","overlay-color":"","overlay-opacity":"","overlay-gradient":""},"mobile":{"background-color":"","background-image":"","background-repeat":"repeat","background-position":"center center","background-size":"auto","background-attachment":"scroll","background-type":"","background-media":"","overlay-type":"","overlay-color":"","overlay-opacity":"","overlay-gradient":""}},"ast-content-background-meta":{"desktop":{"background-color":"var(--ast-global-color-5)","background-image":"","background-repeat":"repeat","background-position":"center center","background-size":"auto","background-attachment":"scroll","background-type":"","background-media":"","overlay-type":"","overlay-color":"","overlay-opacity":"","overlay-gradient":""},"tablet":{"background-color":"var(--ast-global-color-5)","background-image":"","background-repeat":"repeat","background-position":"center center","background-size":"auto","background-attachment":"scroll","background-type":"","background-media":"","overlay-type":"","overlay-color":"","overlay-opacity":"","overlay-gradient":""},"mobile":{"background-color":"var(--ast-global-color-5)","background-image":"","background-repeat":"repeat","background-position":"center center","background-size":"auto","background-attachment":"scroll","background-type":"","background-media":"","overlay-type":"","overlay-color":"","overlay-opacity":"","overlay-gradient":""}},"footnotes":""},"class_list":["post-4291","page","type-page","status-publish","hentry"],"acf":[],"aioseo_notices":[],"_links":{"self":[{"href":"https:\/\/cubitt.com.ec\/staging\/wp-json\/wp\/v2\/pages\/4291","targetHints":{"allow":["GET"]}}],"collection":[{"href":"https:\/\/cubitt.com.ec\/staging\/wp-json\/wp\/v2\/pages"}],"about":[{"href":"https:\/\/cubitt.com.ec\/staging\/wp-json\/wp\/v2\/types\/page"}],"author":[{"embeddable":true,"href":"https:\/\/cubitt.com.ec\/staging\/wp-json\/wp\/v2\/users\/1"}],"replies":[{"embeddable":true,"href":"https:\/\/cubitt.com.ec\/staging\/wp-json\/wp\/v2\/comments?post=4291"}],"version-history":[{"count":59,"href":"https:\/\/cubitt.com.ec\/staging\/wp-json\/wp\/v2\/pages\/4291\/revisions"}],"predecessor-version":[{"id":5221,"href":"https:\/\/cubitt.com.ec\/staging\/wp-json\/wp\/v2\/pages\/4291\/revisions\/5221"}],"wp:attachment":[{"href":"https:\/\/cubitt.com.ec\/staging\/wp-json\/wp\/v2\/media?parent=4291"}],"curies":[{"name":"wp","href":"https:\/\/api.w.org\/{rel}","templated":true}]}}