{"id":1879,"date":"2023-08-29T08:33:26","date_gmt":"2023-08-29T08:33:26","guid":{"rendered":"http:\/\/cubitt.com.ec\/?page_id=1879"},"modified":"2026-03-05T00:21:28","modified_gmt":"2026-03-05T00:21:28","slug":"search","status":"publish","type":"page","link":"https:\/\/cubitt.com.ec\/staging\/search\/","title":{"rendered":"search"},"content":{"rendered":"\t\t<div data-elementor-type=\"wp-page\" data-elementor-id=\"1879\" class=\"elementor elementor-1879\">\n\t\t\t\t\t\t<section class=\"elementor-section elementor-top-section elementor-element elementor-element-4859e80 elementor-section-boxed elementor-section-height-default elementor-section-height-default wpr-particle-no wpr-jarallax-no wpr-parallax-no wpr-sticky-section-no\" data-id=\"4859e80\" data-element_type=\"section\">\n\t\t\t\t\t\t<div class=\"elementor-container elementor-column-gap-default\">\n\t\t\t\t\t<div class=\"elementor-column elementor-col-100 elementor-top-column elementor-element elementor-element-a3a9195\" data-id=\"a3a9195\" data-element_type=\"column\">\n\t\t\t<div class=\"elementor-widget-wrap elementor-element-populated\">\n\t\t\t\t\t\t<div class=\"elementor-element elementor-element-98e905b elementor-widget-tablet__width-initial elementor-widget elementor-widget-heading\" data-id=\"98e905b\" data-element_type=\"widget\" data-widget_type=\"heading.default\">\n\t\t\t\t<div class=\"elementor-widget-container\">\n\t\t\t\t\t<h2 class=\"elementor-heading-title elementor-size-default\">Search<\/h2>\t\t\t\t<\/div>\n\t\t\t\t<\/div>\n\t\t\t\t\t<\/div>\n\t\t<\/div>\n\t\t\t\t\t<\/div>\n\t\t<\/section>\n\t\t<div class=\"elementor-element elementor-element-f20d5e4 e-flex e-con-boxed wpr-particle-no wpr-jarallax-no wpr-parallax-no wpr-sticky-section-no e-con e-parent\" data-id=\"f20d5e4\" data-element_type=\"container\">\n\t\t\t\t\t<div class=\"e-con-inner\">\n\t\t\t\t<div class=\"elementor-element elementor-element-97e2911 elementor-widget elementor-widget-mpd_ajax_search\" data-id=\"97e2911\" data-element_type=\"widget\" data-widget_type=\"mpd_ajax_search.default\">\n\t\t\t\t<div class=\"elementor-widget-container\">\n\t\t\t\t\t        <div class=\"mpd-ajax-search mpd-ajax-search--dots mpd-ajax-search--has-icon mpd-ajax-search--icon-left mpd-ajax-search--has-clear\" \r\n             data-widget-id=\"97e2911\"\r\n             data-min-chars=\"3\"\r\n             data-delay=\"300\"\r\n             data-limit=\"10\"\r\n             data-nonce=\"b4ed7c6703\">\r\n            \r\n            <div class=\"mpd-ajax-search__container\">\r\n                <div class=\"mpd-ajax-search__input-wrapper\">\r\n                                            <button type=\"button\" class=\"mpd-ajax-search__button\">\r\n                            <svg class=\"mpd-ajax-search__icon\" viewBox=\"0 0 24 24\" fill=\"currentColor\">\r\n                                <path d=\"M15.5 14h-.79l-.28-.27C15.41 12.59 16 11.11 16 9.5 16 5.91 13.09 3 9.5 3S3 5.91 3 9.5 5.91 16 9.5 16c1.61 0 3.09-.59 4.23-1.57l.27.28v.79l5 4.99L20.49 19l-4.99-5zm-6 0C7.01 14 5 11.99 5 9.5S7.01 5 9.5 5 14 7.01 14 9.5 11.99 14 9.5 14z\"\/>\r\n                            <\/svg>\r\n                        <\/button>\r\n                                        \r\n                    <input type=\"text\" \r\n                           class=\"mpd-ajax-search__input\" \r\n                           placeholder=\"Buscar productos...\"\r\n                           autocomplete=\"off\">\r\n                    \r\n                                        \r\n                                            <button type=\"button\" class=\"mpd-ajax-search__clear\" style=\"display: none;\">\r\n                            <svg class=\"mpd-ajax-search__clear-icon\" viewBox=\"0 0 24 24\" fill=\"currentColor\">\r\n                                <path d=\"M19 6.41L17.59 5 12 10.59 6.41 5 5 6.41 10.59 12 5 17.59 6.41 19 12 13.41 17.59 19 19 17.59 13.41 12z\"\/>\r\n                            <\/svg>\r\n                        <\/button>\r\n                                        \r\n                    <div class=\"mpd-ajax-search__spinner\" style=\"display: none;\">\r\n                                                    <span><\/span><span><\/span><span><\/span>\r\n                                            <\/div>\r\n                <\/div>\r\n                \r\n                <!-- YouTube Style Filter Toggle - positioned to the right of search bar -->\r\n                                \r\n                <div class=\"mpd-ajax-search__results\" style=\"display: none;\">\r\n                    <!-- Results will be populated via AJAX -->\r\n                <\/div>\r\n            <\/div>\r\n            \r\n                    <\/div>\r\n        \t\t\t\t<\/div>\n\t\t\t\t<\/div>\n\t\t\t\t\t<\/div>\n\t\t\t\t<\/div>\n\t\t<footer class=\"elementor-element elementor-element-2b5f0742 e-flex e-con-boxed wpr-particle-no wpr-jarallax-no wpr-parallax-no wpr-sticky-section-no e-con e-parent\" data-id=\"2b5f0742\" data-element_type=\"container\">\n\t\t\t\t\t<div class=\"e-con-inner\">\n\t\t<div class=\"elementor-element elementor-element-3b00f673 e-con-full e-flex wpr-particle-no wpr-jarallax-no wpr-parallax-no wpr-sticky-section-no e-con e-child\" data-id=\"3b00f673\" data-element_type=\"container\">\n\t\t\t\t<div class=\"elementor-element elementor-element-4e61f1bd elementor-widget elementor-widget-image\" data-id=\"4e61f1bd\" data-element_type=\"widget\" data-widget_type=\"image.default\">\n\t\t\t\t<div class=\"elementor-widget-container\">\n\t\t\t\t\t\t\t\t\t\t\t\t\t\t\t<img decoding=\"async\" src=\"https:\/\/cubitt.com.ec\/staging\/wp-content\/uploads\/elementor\/thumbs\/logo-qbanp6a0l7p7qhadtcikfz538rh9cqaqddvmuci8yu.png\" title=\"logo\" alt=\"Cubitt Ecuador logo\" loading=\"lazy\" \/>\t\t\t\t\t\t\t\t\t\t\t\t\t\t\t<\/div>\n\t\t\t\t<\/div>\n\t\t\t\t<div class=\"elementor-element elementor-element-57836e69 elementor-widget elementor-widget-heading\" data-id=\"57836e69\" data-element_type=\"widget\" data-widget_type=\"heading.default\">\n\t\t\t\t<div class=\"elementor-widget-container\">\n\t\t\t\t\t<h4 class=\"elementor-heading-title elementor-size-default\">\u00a1Reg\u00edstrate para ofertas exclusivas!<\/h4>\t\t\t\t<\/div>\n\t\t\t\t<\/div>\n\t\t\t\t<div class=\"elementor-element elementor-element-25c324a8 elementor-widget-tablet__width-initial elementor-widget-mobile__width-initial elementor-widget__width-initial wpr-step-type-number_text wpr-step-content-layout-vertical wpr-custom-styles-yes elementor-widget elementor-widget-wpr-form-builder\" data-id=\"25c324a8\" data-element_type=\"widget\" data-settings=\"{&quot;button_width&quot;:{&quot;unit&quot;:&quot;%&quot;,&quot;size&quot;:40,&quot;sizes&quot;:[]},&quot;button_width_tablet&quot;:{&quot;unit&quot;:&quot;px&quot;,&quot;size&quot;:71,&quot;sizes&quot;:[]},&quot;success_message&quot;:&quot;El e-mail ha sido enviado correctamente&quot;,&quot;error_message&quot;:&quot;Env\\u00edo fallido&quot;,&quot;button_width_mobile&quot;:{&quot;unit&quot;:&quot;px&quot;,&quot;size&quot;:&quot;&quot;,&quot;sizes&quot;:[]},&quot;step_type&quot;:&quot;number_text&quot;,&quot;step_content_layout&quot;:&quot;vertical&quot;}\" data-widget_type=\"wpr-form-builder.default\">\n\t\t\t\t<div class=\"elementor-widget-container\">\n\t\t\t\t\t\t\t<form class=\"wpr-form\" method=\"post\" id=\"formulario_registro_footer\" name=\"Formulario de registro footer\" page=\"search\" page_id=\"1879\" novalidate>\n\t\t\t<input type=\"hidden\" name=\"post_id\" value=\"1879\"\/>\n\t\t\t<input type=\"hidden\" name=\"form_id\" value=\"25c324a8\"\/>\n\t\t\t<input type=\"hidden\" name=\"referer_title\" value=\"\" \/>\n\n\t\t\t<div class=\"wpr-step-wrap\"><\/div>\n\t\t\t<div class=\"wpr-form-fields-wrap wpr-labels-above\">\n\t\t\t\t\t\t\t\t\t<div class=\"wpr-form-field-type-email wpr-field-group wpr-column wpr-field-group-email elementor-repeater-item-afdbfbd wpr-form-field-required\">\n\t\t\t\t\t\t<input size=\"1 \"type=\"email\" name=\"form_fields[email]\" id=\"form-field-email\" class=\"wpr-form-field  wpr-form-field-textual\" placeholder=\"Correo electr\u00f3nico\" required=\"required\" aria-required=\"true\">\t\t\t\t\t<\/div>\n\t\t\t\t<div class=\"wpr-field-group wpr-stp-btns-wrap wpr-column wpr-form-field-type-submit\" data-actions=\"[&quot;email&quot;]\" data-redirect-url=\"\" data-mailchimp-fields=\"{&quot;email_field&quot;:&quot;&quot;,&quot;first_name_field&quot;:&quot;&quot;,&quot;last_name_field&quot;:&quot;&quot;,&quot;address_field&quot;:&quot;&quot;,&quot;phone_field&quot;:&quot;&quot;,&quot;birthday_field&quot;:&quot;&quot;,&quot;group_id&quot;:&quot;&quot;}\" data-list-id=\"\">\t\t\t<button type=\"submit\" class=\"wpr-button\">\n\t\t\t\t<span >\n\t\t\t\t\t\t\t\t\t\t\t\t\t\t\t\t<span>Enviar<\/span>\n\t\t\t\t\t\t\t\t\t\t\t\t\t\t<\/span>\t\n\t\t\t\t<div class=\"wpr-double-bounce wpr-loader-hidden\">\n\t\t\t\t\t<div class=\"wpr-child wpr-double-bounce1\"><\/div>\n\t\t\t\t\t<div class=\"wpr-child wpr-double-bounce2\"><\/div>\n\t\t\t\t<\/div>\n\t\t\t<\/button>\n\t\t<\/div>\t\t\t\t\n\t\t\t<\/div>\n\t\t<\/form>\n\t  \t\t\t\t<\/div>\n\t\t\t\t<\/div>\n\t\t\t\t<\/div>\n\t\t<div class=\"elementor-element elementor-element-625f0dc e-con-full e-flex wpr-particle-no wpr-jarallax-no wpr-parallax-no wpr-sticky-section-no e-con e-child\" data-id=\"625f0dc\" data-element_type=\"container\">\n\t\t\t\t<div class=\"elementor-element elementor-element-6baf263a elementor-widget elementor-widget-text-editor\" data-id=\"6baf263a\" data-element_type=\"widget\" data-widget_type=\"text-editor.default\">\n\t\t\t\t<div class=\"elementor-widget-container\">\n\t\t\t\t\t\t\t\t\t<p class=\"bold\"><strong>WELLNESS CLUB<\/strong><\/p><p>Wellness Club<\/p><p>Yoga ClanDestino<\/p><p>The Right Balance<\/p><p>M\u00e1s Paz Mental<\/p><p>Sue\u00f1os con Prop\u00f3sitos<\/p><p>Gu\u00edas de Meditaci\u00f3n<\/p>\t\t\t\t\t\t\t\t<\/div>\n\t\t\t\t<\/div>\n\t\t\t\t<\/div>\n\t\t<div class=\"elementor-element elementor-element-2af07ae8 e-con-full e-flex wpr-particle-no wpr-jarallax-no wpr-parallax-no wpr-sticky-section-no e-con e-child\" data-id=\"2af07ae8\" data-element_type=\"container\">\n\t\t\t\t<div class=\"elementor-element elementor-element-5a1fff5d elementor-widget elementor-widget-text-editor\" data-id=\"5a1fff5d\" data-element_type=\"widget\" data-widget_type=\"text-editor.default\">\n\t\t\t\t<div class=\"elementor-widget-container\">\n\t\t\t\t\t\t\t\t\t<p class=\"bold\"><strong>LA MARCA<\/strong><\/p><p>\u00bfQui\u00e9nes somos?<\/p><p>Comparaci\u00f3n de Modelos<\/p><p>Mejores Smartwatches<\/p><p>Cubitt Pro Apps<\/p><p>Tiendas Cubitt<\/p>\t\t\t\t\t\t\t\t<\/div>\n\t\t\t\t<\/div>\n\t\t\t\t<\/div>\n\t\t<div class=\"elementor-element elementor-element-5243ea1d e-con-full e-flex wpr-particle-no wpr-jarallax-no wpr-parallax-no wpr-sticky-section-no e-con e-child\" data-id=\"5243ea1d\" data-element_type=\"container\">\n\t\t\t\t<div class=\"elementor-element elementor-element-3c3395a9 elementor-widget elementor-widget-text-editor\" data-id=\"3c3395a9\" data-element_type=\"widget\" data-widget_type=\"text-editor.default\">\n\t\t\t\t<div class=\"elementor-widget-container\">\n\t\t\t\t\t\t\t\t\t<p class=\"bold\"><strong>LEGAL<\/strong><\/p><p>Pol\u00edtica de Devoluci\u00f3n<\/p><p>Ventas al Mayor<\/p><p>Pol\u00edtica de Privacidad<\/p><p>T\u00e9rminos de Servicio<\/p><p>Pol\u00edticas de Env\u00edo<\/p>\t\t\t\t\t\t\t\t<\/div>\n\t\t\t\t<\/div>\n\t\t\t\t<\/div>\n\t\t<div class=\"elementor-element elementor-element-68b0e87e e-con-full e-flex wpr-particle-no wpr-jarallax-no wpr-parallax-no wpr-sticky-section-no e-con e-child\" data-id=\"68b0e87e\" data-element_type=\"container\">\n\t\t\t\t<div class=\"elementor-element elementor-element-5691581 elementor-widget elementor-widget-text-editor\" data-id=\"5691581\" data-element_type=\"widget\" data-widget_type=\"text-editor.default\">\n\t\t\t\t<div class=\"elementor-widget-container\">\n\t\t\t\t\t\t\t\t\t<p class=\"bold\"><strong>SOPORTE<\/strong><\/p><p>Contacto<\/p><p>Garant\u00eda<\/p><p>Manuales<\/p><p>Desgaste y cuidado<\/p><p>Preguntas Frecuentes<\/p><p>Oportunidades Laborales<\/p><p>Strava<\/p>\t\t\t\t\t\t\t\t<\/div>\n\t\t\t\t<\/div>\n\t\t\t\t<\/div>\n\t\t\t\t\t<\/div>\n\t\t\t\t<\/footer>\n\t\t\t\t<\/div>\n\t\t","protected":false},"excerpt":{"rendered":"<p>Search \u00a1Reg\u00edstrate para ofertas exclusivas! Enviar WELLNESS CLUB Wellness Club Yoga ClanDestino The Right Balance M\u00e1s Paz Mental Sue\u00f1os con Prop\u00f3sitos Gu\u00edas de Meditaci\u00f3n LA MARCA \u00bfQui\u00e9nes somos? Comparaci\u00f3n de Modelos Mejores Smartwatches Cubitt Pro Apps Tiendas Cubitt LEGAL Pol\u00edtica de Devoluci\u00f3n Ventas al Mayor Pol\u00edtica de Privacidad T\u00e9rminos de Servicio Pol\u00edticas de Env\u00edo SOPORTE Contacto Garant\u00eda Manuales Desgaste y cuidado Preguntas Frecuentes Oportunidades Laborales Strava<\/p>\n","protected":false},"author":1,"featured_media":0,"parent":0,"menu_order":0,"comment_status":"closed","ping_status":"closed","template":"","meta":{"site-sidebar-layout":"no-sidebar","site-content-layout":"page-builder","ast-site-content-layout":"default","site-content-style":"default","site-sidebar-style":"default","ast-global-header-display":"","ast-banner-title-visibility":"","ast-main-header-display":"","ast-hfb-above-header-display":"","ast-hfb-below-header-display":"","ast-hfb-mobile-header-display":"","site-post-title":"disabled","ast-breadcrumbs-content":"","ast-featured-img":"disabled","footer-sml-layout":"","ast-disable-related-posts":"","theme-transparent-header-meta":"","adv-header-id-meta":"","stick-header-meta":"","header-above-stick-meta":"","header-main-stick-meta":"","header-below-stick-meta":"","astra-migrate-meta-layouts":"default","ast-page-background-enabled":"default","ast-page-background-meta":{"desktop":{"background-color":"var(--ast-global-color-4)","background-image":"","background-repeat":"repeat","background-position":"center center","background-size":"auto","background-attachment":"scroll","background-type":"","background-media":"","overlay-type":"","overlay-color":"","overlay-opacity":"","overlay-gradient":""},"tablet":{"background-color":"","background-image":"","background-repeat":"repeat","background-position":"center center","background-size":"auto","background-attachment":"scroll","background-type":"","background-media":"","overlay-type":"","overlay-color":"","overlay-opacity":"","overlay-gradient":""},"mobile":{"background-color":"","background-image":"","background-repeat":"repeat","background-position":"center center","background-size":"auto","background-attachment":"scroll","background-type":"","background-media":"","overlay-type":"","overlay-color":"","overlay-opacity":"","overlay-gradient":""}},"ast-content-background-meta":{"desktop":{"background-color":"var(--ast-global-color-5)","background-image":"","background-repeat":"repeat","background-position":"center center","background-size":"auto","background-attachment":"scroll","background-type":"","background-media":"","overlay-type":"","overlay-color":"","overlay-opacity":"","overlay-gradient":""},"tablet":{"background-color":"var(--ast-global-color-5)","background-image":"","background-repeat":"repeat","background-position":"center center","background-size":"auto","background-attachment":"scroll","background-type":"","background-media":"","overlay-type":"","overlay-color":"","overlay-opacity":"","overlay-gradient":""},"mobile":{"background-color":"var(--ast-global-color-5)","background-image":"","background-repeat":"repeat","background-position":"center center","background-size":"auto","background-attachment":"scroll","background-type":"","background-media":"","overlay-type":"","overlay-color":"","overlay-opacity":"","overlay-gradient":""}},"footnotes":""},"class_list":["post-1879","page","type-page","status-publish","hentry"],"acf":[],"aioseo_notices":[],"_links":{"self":[{"href":"https:\/\/cubitt.com.ec\/staging\/wp-json\/wp\/v2\/pages\/1879","targetHints":{"allow":["GET"]}}],"collection":[{"href":"https:\/\/cubitt.com.ec\/staging\/wp-json\/wp\/v2\/pages"}],"about":[{"href":"https:\/\/cubitt.com.ec\/staging\/wp-json\/wp\/v2\/types\/page"}],"author":[{"embeddable":true,"href":"https:\/\/cubitt.com.ec\/staging\/wp-json\/wp\/v2\/users\/1"}],"replies":[{"embeddable":true,"href":"https:\/\/cubitt.com.ec\/staging\/wp-json\/wp\/v2\/comments?post=1879"}],"version-history":[{"count":16,"href":"https:\/\/cubitt.com.ec\/staging\/wp-json\/wp\/v2\/pages\/1879\/revisions"}],"predecessor-version":[{"id":5199,"href":"https:\/\/cubitt.com.ec\/staging\/wp-json\/wp\/v2\/pages\/1879\/revisions\/5199"}],"wp:attachment":[{"href":"https:\/\/cubitt.com.ec\/staging\/wp-json\/wp\/v2\/media?parent=1879"}],"curies":[{"name":"wp","href":"https:\/\/api.w.org\/{rel}","templated":true}]}}